{"id":14068,"date":"2023-02-13T22:01:51","date_gmt":"2023-02-13T20:01:51","guid":{"rendered":"https:\/\/nuriatorrente.com\/?page_id=14068"},"modified":"2023-02-15T14:26:09","modified_gmt":"2023-02-15T12:26:09","slug":"coming-soon","status":"publish","type":"page","link":"https:\/\/nuriatorrente.com\/cat\/coming-soon\/","title":{"rendered":"Coming soon"},"content":{"rendered":"<p>[et_pb_section fb_built=\u00bb1&#8243; _builder_version=\u00bb4.19.5&#8243; _module_preset=\u00bbdefault\u00bb global_colors_info=\u00bb{}\u00bb][et_pb_row column_structure=\u00bb1_2,1_2&#8243; use_custom_gutter=\u00bbon\u00bb _builder_version=\u00bb4.19.5&#8243; _module_preset=\u00bbdefault\u00bb global_colors_info=\u00bb{}\u00bb][et_pb_column type=\u00bb1_2&#8243; _builder_version=\u00bb4.19.5&#8243; _module_preset=\u00bbdefault\u00bb global_colors_info=\u00bb{}\u00bb][et_pb_image src=\u00bbhttps:\/\/nuriatorrente.com\/wp-content\/uploads\/2023\/02\/comingsoon.svg\u00bb title_text=\u00bbcomingsoon\u00bb show_bottom_space=\u00bboff\u00bb _builder_version=\u00bb4.19.5&#8243; _module_preset=\u00bbdefault\u00bb width=\u00bb80%\u00bb width_tablet=\u00bb50%\u00bb width_phone=\u00bb58%\u00bb width_last_edited=\u00bbon|tablet\u00bb module_alignment=\u00bbleft\u00bb custom_padding_tablet=\u00bb||30px||false|false\u00bb custom_padding_phone=\u00bb||30px||false|false\u00bb custom_padding_last_edited=\u00bbon|phone\u00bb scroll_rotating_enable=\u00bbon\u00bb scroll_rotating=\u00bb0|50|50|100|30\u00b0|0|-30\u00b0\u00bb global_colors_info=\u00bb{}\u00bb][\/et_pb_image][\/et_pb_column][et_pb_column type=\u00bb1_2&#8243; _builder_version=\u00bb4.19.5&#8243; _module_preset=\u00bbdefault\u00bb custom_css_main_element=\u00bbmargin:auto;\u00bb global_colors_info=\u00bb{}\u00bb][et_pb_image src=\u00bbhttps:\/\/nuriatorrente.com\/wp-content\/uploads\/2023\/02\/logo_nuriatorrente.svg\u00bb title_text=\u00bblogo_nuriatorrente\u00bb _builder_version=\u00bb4.19.5&#8243; _module_preset=\u00bbdefault\u00bb max_width=\u00bb250px\u00bb global_colors_info=\u00bb{}\u00bb][\/et_pb_image][et_pb_text _builder_version=\u00bb4.19.5&#8243; _module_preset=\u00bbdefault\u00bb custom_margin=\u00bb||10px||false|false\u00bb custom_padding=\u00bb||0px||false|false\u00bb global_colors_info=\u00bb{}\u00bb]<\/p>\n<h1>Estamos creando una nueva web<\/h1>\n<p>[\/et_pb_text][et_pb_text _builder_version=\u00bb4.19.5&#8243; _module_preset=\u00bbdefault\u00bb max_width=\u00bb280px\u00bb global_colors_info=\u00bb{}\u00bb]<\/p>\n<p>En unos d\u00edas estar\u00e1 disponible, pero s\u00ed quer\u00e9is pod\u00e9is poneros en contacto con nosotros m\u00e1s abajo.<\/p>\n<p>[\/et_pb_text][et_pb_icon font_icon=\u00bb&#x22;||divi||400&#8243; icon_width=\u00bb16px\u00bb align=\u00bbleft\u00bb _builder_version=\u00bb4.19.5&#8243; _module_preset=\u00bbdefault\u00bb animation_style=\u00bbbounce\u00bb animation_direction=\u00bbtop\u00bb global_colors_info=\u00bb{}\u00bb][\/et_pb_icon][\/et_pb_column][\/et_pb_row][\/et_pb_section][et_pb_section fb_built=\u00bb1&#8243; _builder_version=\u00bb4.19.5&#8243; _module_preset=\u00bbdefault\u00bb background_color=\u00bb#689d9e\u00bb global_colors_info=\u00bb{}\u00bb][et_pb_row column_structure=\u00bb1_2,1_2&#8243; _builder_version=\u00bb4.19.5&#8243; _module_preset=\u00bbdefault\u00bb max_width=\u00bb550px\u00bb global_colors_info=\u00bb{}\u00bb][et_pb_column type=\u00bb1_2&#8243; _builder_version=\u00bb4.19.5&#8243; _module_preset=\u00bbdefault\u00bb global_colors_info=\u00bb{}\u00bb][et_pb_blurb title=\u00bbtel\u00e9fono\u00bb use_icon=\u00bbon\u00bb font_icon=\u00bb&#xf4ad;||fa||900&#8243; icon_color=\u00bb#FFFFFF\u00bb image_icon_width=\u00bb26px\u00bb _builder_version=\u00bb4.19.5&#8243; _module_preset=\u00bbdefault\u00bb header_font=\u00bb|600||on|||||\u00bb header_text_color=\u00bb#FFFFFF\u00bb header_font_size=\u00bb10px\u00bb header_letter_spacing=\u00bb2px\u00bb body_font=\u00bb|300|||||||\u00bb body_text_color=\u00bb#FFFFFF\u00bb body_font_size=\u00bb20px\u00bb body_link_text_color=\u00bb#FFFFFF\u00bb text_orientation=\u00bbcenter\u00bb custom_css_blurb_image=\u00bbmargin-bottom:15px;\u00bb global_colors_info=\u00bb{}\u00bb]<\/p>\n<p><a href=\"tel:+34 667 887 399\">+34 667 887 399<\/a><\/p>\n<p>[\/et_pb_blurb][\/et_pb_column][et_pb_column type=\u00bb1_2&#8243; _builder_version=\u00bb4.19.5&#8243; _module_preset=\u00bbdefault\u00bb global_colors_info=\u00bb{}\u00bb][et_pb_blurb title=\u00bbEMAIL\u00bb use_icon=\u00bbon\u00bb font_icon=\u00bb&#xf2b6;||fa||900&#8243; icon_color=\u00bb#FFFFFF\u00bb image_icon_width=\u00bb26px\u00bb _builder_version=\u00bb4.19.5&#8243; _module_preset=\u00bbdefault\u00bb header_font=\u00bb|600||on|||||\u00bb header_text_color=\u00bb#FFFFFF\u00bb header_font_size=\u00bb10px\u00bb header_letter_spacing=\u00bb2px\u00bb body_font=\u00bb|300|||||||\u00bb body_text_color=\u00bb#FFFFFF\u00bb body_font_size=\u00bb20px\u00bb body_link_text_color=\u00bb#FFFFFF\u00bb text_orientation=\u00bbcenter\u00bb custom_css_blurb_image=\u00bbmargin-bottom:15px;\u00bb global_colors_info=\u00bb{}\u00bb]<\/p>\n<p><a href=\"mailto:hola@nuriatorrente.com.34-199-233-146.mosca-dev.com\">hola@nuriatorrente.com.34-199-233-146.mosca-dev.com<\/a><\/p>\n<p>[\/et_pb_blurb][\/et_pb_column][\/et_pb_row][et_pb_row _builder_version=\u00bb4.19.5&#8243; _module_preset=\u00bbdefault\u00bb global_colors_info=\u00bb{}\u00bb][et_pb_column type=\u00bb4_4&#8243; _builder_version=\u00bb4.19.5&#8243; _module_preset=\u00bbdefault\u00bb global_colors_info=\u00bb{}\u00bb][et_pb_text _builder_version=\u00bb4.19.5&#8243; _module_preset=\u00bbdefault\u00bb text_text_color=\u00bb#689D9E\u00bb link_font=\u00bb|||||||#689D9E|\u00bb link_text_color=\u00bb#689D9E\u00bb hover_enabled=\u00bb0&#8243; link_text_shadow_style=\u00bbpreset5&#8243; global_colors_info=\u00bb{}\u00bb link_text_shadow_color=\u00bb#689D9E\u00bb sticky_enabled=\u00bb0&#8243;]<\/p>\n<p><a href=\"\/home\/\">.<\/a><\/p>\n<p>[\/et_pb_text][\/et_pb_column][\/et_pb_row][\/et_pb_section]<\/p>\n","protected":false},"excerpt":{"rendered":"<p>Estamos creando una nueva webEn unos d\u00edas estar\u00e1 disponible, pero s\u00ed quer\u00e9is pod\u00e9is poneros en contacto con nosotros m\u00e1s abajo.+34 667 887 399hola@nuriatorrente.com.34-199-233-146.mosca-dev.com.<\/p>","protected":false},"author":4,"featured_media":0,"parent":0,"menu_order":0,"comment_status":"closed","ping_status":"closed","template":"page-template-blank.php","meta":{"_acf_changed":false,"_et_pb_use_builder":"on","_et_pb_old_content":"","_et_gb_content_width":"","footnotes":""},"class_list":["post-14068","page","type-page","status-publish","hentry"],"acf":[],"yoast_head":"<!-- This site is optimized with the Yoast SEO plugin v27.1.1 - https:\/\/yoast.com\/product\/yoast-seo-wordpress\/ -->\n<title>Coming soon | Nutopia by Nuria Torrente<\/title>\n<meta name=\"robots\" content=\"index, follow, max-snippet:-1, max-image-preview:large, max-video-preview:-1\" \/>\n<link rel=\"canonical\" href=\"https:\/\/nuriatorrente.com\/cat\/coming-soon\/\" \/>\n<meta property=\"og:locale\" content=\"ca_ES\" \/>\n<meta property=\"og:type\" content=\"article\" \/>\n<meta property=\"og:title\" content=\"Coming soon | Nutopia by Nuria Torrente\" \/>\n<meta property=\"og:description\" content=\"Estamos creando una nueva webEn unos d\u00edas estar\u00e1 disponible, pero s\u00ed quer\u00e9is pod\u00e9is poneros en contacto con nosotros m\u00e1s abajo.+34 667 887 399hola@nuriatorrente.com.34-199-233-146.mosca-dev.com.\" \/>\n<meta property=\"og:url\" content=\"https:\/\/nuriatorrente.com\/cat\/coming-soon\/\" \/>\n<meta property=\"og:site_name\" content=\"Nutopia by Nuria Torrente\" \/>\n<meta property=\"article:publisher\" content=\"https:\/\/www.facebook.com\/nutopiabynuriatorrente\/\" \/>\n<meta property=\"article:modified_time\" content=\"2023-02-15T12:26:09+00:00\" \/>\n<meta name=\"twitter:card\" content=\"summary_large_image\" \/>\n<meta name=\"twitter:label1\" content=\"Temps estimat de lectura\" \/>\n\t<meta name=\"twitter:data1\" content=\"1 minut\" \/>\n<script type=\"application\/ld+json\" class=\"yoast-schema-graph\">{\"@context\":\"https:\/\/schema.org\",\"@graph\":[{\"@type\":\"WebPage\",\"@id\":\"https:\/\/nuriatorrente.com\/coming-soon\/\",\"url\":\"https:\/\/nuriatorrente.com\/coming-soon\/\",\"name\":\"Coming soon | Nutopia by Nuria Torrente\",\"isPartOf\":{\"@id\":\"https:\/\/nuriatorrente.com\/#website\"},\"datePublished\":\"2023-02-13T20:01:51+00:00\",\"dateModified\":\"2023-02-15T12:26:09+00:00\",\"breadcrumb\":{\"@id\":\"https:\/\/nuriatorrente.com\/coming-soon\/#breadcrumb\"},\"inLanguage\":\"ca\",\"potentialAction\":[{\"@type\":\"ReadAction\",\"target\":[\"https:\/\/nuriatorrente.com\/coming-soon\/\"]}]},{\"@type\":\"BreadcrumbList\",\"@id\":\"https:\/\/nuriatorrente.com\/coming-soon\/#breadcrumb\",\"itemListElement\":[{\"@type\":\"ListItem\",\"position\":1,\"name\":\"Home\",\"item\":\"https:\/\/nuriatorrente.com\/\"},{\"@type\":\"ListItem\",\"position\":2,\"name\":\"Coming soon\"}]},{\"@type\":\"WebSite\",\"@id\":\"https:\/\/nuriatorrente.com\/#website\",\"url\":\"https:\/\/nuriatorrente.com\/\",\"name\":\"Nutopia by Nuria Torrente\",\"description\":\"Joyer\u00eda en vidrio\",\"alternateName\":\"Nuria Torrente\",\"potentialAction\":[{\"@type\":\"SearchAction\",\"target\":{\"@type\":\"EntryPoint\",\"urlTemplate\":\"https:\/\/nuriatorrente.com\/?s={search_term_string}\"},\"query-input\":{\"@type\":\"PropertyValueSpecification\",\"valueRequired\":true,\"valueName\":\"search_term_string\"}}],\"inLanguage\":\"ca\"}]}<\/script>\n<!-- \/ Yoast SEO plugin. -->","yoast_head_json":{"title":"Coming soon | Nutopia by Nuria Torrente","robots":{"index":"index","follow":"follow","max-snippet":"max-snippet:-1","max-image-preview":"max-image-preview:large","max-video-preview":"max-video-preview:-1"},"canonical":"https:\/\/nuriatorrente.com\/cat\/coming-soon\/","og_locale":"ca_ES","og_type":"article","og_title":"Coming soon | Nutopia by Nuria Torrente","og_description":"Estamos creando una nueva webEn unos d\u00edas estar\u00e1 disponible, pero s\u00ed quer\u00e9is pod\u00e9is poneros en contacto con nosotros m\u00e1s abajo.+34 667 887 399hola@nuriatorrente.com.34-199-233-146.mosca-dev.com.","og_url":"https:\/\/nuriatorrente.com\/cat\/coming-soon\/","og_site_name":"Nutopia by Nuria Torrente","article_publisher":"https:\/\/www.facebook.com\/nutopiabynuriatorrente\/","article_modified_time":"2023-02-15T12:26:09+00:00","twitter_card":"summary_large_image","twitter_misc":{"Temps estimat de lectura":"1 minut"},"schema":{"@context":"https:\/\/schema.org","@graph":[{"@type":"WebPage","@id":"https:\/\/nuriatorrente.com\/coming-soon\/","url":"https:\/\/nuriatorrente.com\/coming-soon\/","name":"Coming soon | Nutopia by Nuria Torrente","isPartOf":{"@id":"https:\/\/nuriatorrente.com\/#website"},"datePublished":"2023-02-13T20:01:51+00:00","dateModified":"2023-02-15T12:26:09+00:00","breadcrumb":{"@id":"https:\/\/nuriatorrente.com\/coming-soon\/#breadcrumb"},"inLanguage":"ca","potentialAction":[{"@type":"ReadAction","target":["https:\/\/nuriatorrente.com\/coming-soon\/"]}]},{"@type":"BreadcrumbList","@id":"https:\/\/nuriatorrente.com\/coming-soon\/#breadcrumb","itemListElement":[{"@type":"ListItem","position":1,"name":"Home","item":"https:\/\/nuriatorrente.com\/"},{"@type":"ListItem","position":2,"name":"Coming soon"}]},{"@type":"WebSite","@id":"https:\/\/nuriatorrente.com\/#website","url":"https:\/\/nuriatorrente.com\/","name":"Nutopia by Nuria Torrente","description":"Joyer\u00eda en vidrio","alternateName":"Nuria Torrente","potentialAction":[{"@type":"SearchAction","target":{"@type":"EntryPoint","urlTemplate":"https:\/\/nuriatorrente.com\/?s={search_term_string}"},"query-input":{"@type":"PropertyValueSpecification","valueRequired":true,"valueName":"search_term_string"}}],"inLanguage":"ca"}]}},"_links":{"self":[{"href":"https:\/\/nuriatorrente.com\/cat\/wp-json\/wp\/v2\/pages\/14068","targetHints":{"allow":["GET"]}}],"collection":[{"href":"https:\/\/nuriatorrente.com\/cat\/wp-json\/wp\/v2\/pages"}],"about":[{"href":"https:\/\/nuriatorrente.com\/cat\/wp-json\/wp\/v2\/types\/page"}],"author":[{"embeddable":true,"href":"https:\/\/nuriatorrente.com\/cat\/wp-json\/wp\/v2\/users\/4"}],"replies":[{"embeddable":true,"href":"https:\/\/nuriatorrente.com\/cat\/wp-json\/wp\/v2\/comments?post=14068"}],"version-history":[{"count":0,"href":"https:\/\/nuriatorrente.com\/cat\/wp-json\/wp\/v2\/pages\/14068\/revisions"}],"wp:attachment":[{"href":"https:\/\/nuriatorrente.com\/cat\/wp-json\/wp\/v2\/media?parent=14068"}],"curies":[{"name":"wp","href":"https:\/\/api.w.org\/{rel}","templated":true}]}}