{"id":13573,"date":"2020-05-19T12:27:13","date_gmt":"2020-05-19T10:27:13","guid":{"rendered":"https:\/\/nuriatorrente.com\/?post_type=product&#038;p=13573"},"modified":"2020-09-02T18:29:11","modified_gmt":"2020-09-02T16:29:11","slug":"galaxia-anillo","status":"publish","type":"product","link":"https:\/\/nuriatorrente.com\/cat\/shop\/galaxia-anillo\/","title":{"rendered":"Galaxia \/ Anillo"},"content":{"rendered":"<p>Anillo que nace en nuestro taller de las manos de N\u00faria Torrente utilizando la t\u00e9cnica del soplete, con acabados en fr\u00edo. Montado en base de plata, tambi\u00e9n realizada por N\u00faria. Han nacido nuestra Galaxia!<\/p>","protected":false},"excerpt":{"rendered":"<p>Anillo de la colecci\u00f3n Galaxia realizado en vidrio y plata.<\/p>","protected":false},"featured_media":13048,"template":"","meta":{"_acf_changed":false,"_et_pb_use_builder":"","_et_pb_old_content":"","_et_gb_content_width":""},"product_brand":[],"product_cat":[180],"product_tag":[183],"class_list":{"0":"post-13573","1":"product","2":"type-product","3":"status-publish","4":"has-post-thumbnail","6":"product_cat-anillos","7":"product_tag-galaxia","9":"first","10":"instock","11":"taxable","12":"shipping-taxable","13":"purchasable","14":"product-type-simple"},"acf":[],"yoast_head":"<!-- This site is optimized with the Yoast SEO plugin v27.1.1 - https:\/\/yoast.com\/product\/yoast-seo-wordpress\/ -->\n<title>Galaxia \/ Anillo | Nutopia by Nuria Torrente<\/title>\n<meta name=\"description\" content=\"Anillo de la colecci\u00f3n Galaxia realizado en vidrio y plata.\" \/>\n<meta name=\"robots\" content=\"index, follow, max-snippet:-1, max-image-preview:large, max-video-preview:-1\" \/>\n<link rel=\"canonical\" href=\"https:\/\/nuriatorrente.com\/cat\/shop\/galaxia-anillo\/\" \/>\n<meta property=\"og:locale\" content=\"ca_ES\" \/>\n<meta property=\"og:type\" content=\"article\" \/>\n<meta property=\"og:title\" content=\"Galaxia \/ Anillo | Nutopia by Nuria Torrente\" \/>\n<meta property=\"og:description\" content=\"Anillo de la colecci\u00f3n Galaxia realizado en vidrio y plata.\" \/>\n<meta property=\"og:url\" content=\"https:\/\/nuriatorrente.com\/cat\/shop\/galaxia-anillo\/\" \/>\n<meta property=\"og:site_name\" content=\"Nutopia by Nuria Torrente\" \/>\n<meta property=\"article:publisher\" content=\"https:\/\/www.facebook.com\/nutopiabynuriatorrente\/\" \/>\n<meta property=\"article:modified_time\" content=\"2020-09-02T16:29:11+00:00\" \/>\n<meta property=\"og:image\" content=\"https:\/\/nuriatorrente.com\/wp-content\/uploads\/2018\/08\/galaxias-by-nutopia.jpg\" \/>\n\t<meta property=\"og:image:width\" content=\"960\" \/>\n\t<meta property=\"og:image:height\" content=\"960\" \/>\n\t<meta property=\"og:image:type\" content=\"image\/jpeg\" \/>\n<meta name=\"twitter:card\" content=\"summary_large_image\" \/>\n<script type=\"application\/ld+json\" class=\"yoast-schema-graph\">{\"@context\":\"https:\/\/schema.org\",\"@graph\":[{\"@type\":\"WebPage\",\"@id\":\"https:\/\/nuriatorrente.com\/shop\/galaxia-anillo\/\",\"url\":\"https:\/\/nuriatorrente.com\/shop\/galaxia-anillo\/\",\"name\":\"Galaxia \/ Anillo | Nutopia by Nuria Torrente\",\"isPartOf\":{\"@id\":\"https:\/\/nuriatorrente.com\/#website\"},\"primaryImageOfPage\":{\"@id\":\"https:\/\/nuriatorrente.com\/shop\/galaxia-anillo\/#primaryimage\"},\"image\":{\"@id\":\"https:\/\/nuriatorrente.com\/shop\/galaxia-anillo\/#primaryimage\"},\"thumbnailUrl\":\"https:\/\/nuriatorrente.com\/wp-content\/uploads\/2018\/08\/galaxias-by-nutopia.jpg\",\"datePublished\":\"2020-05-19T10:27:13+00:00\",\"dateModified\":\"2020-09-02T16:29:11+00:00\",\"description\":\"Anillo de la colecci\u00f3n Galaxia realizado en vidrio y plata.\",\"breadcrumb\":{\"@id\":\"https:\/\/nuriatorrente.com\/shop\/galaxia-anillo\/#breadcrumb\"},\"inLanguage\":\"ca\",\"potentialAction\":[{\"@type\":\"ReadAction\",\"target\":[\"https:\/\/nuriatorrente.com\/shop\/galaxia-anillo\/\"]}]},{\"@type\":\"ImageObject\",\"inLanguage\":\"ca\",\"@id\":\"https:\/\/nuriatorrente.com\/shop\/galaxia-anillo\/#primaryimage\",\"url\":\"https:\/\/nuriatorrente.com\/wp-content\/uploads\/2018\/08\/galaxias-by-nutopia.jpg\",\"contentUrl\":\"https:\/\/nuriatorrente.com\/wp-content\/uploads\/2018\/08\/galaxias-by-nutopia.jpg\",\"width\":960,\"height\":960},{\"@type\":\"BreadcrumbList\",\"@id\":\"https:\/\/nuriatorrente.com\/shop\/galaxia-anillo\/#breadcrumb\",\"itemListElement\":[{\"@type\":\"ListItem\",\"position\":1,\"name\":\"Home\",\"item\":\"https:\/\/nuriatorrente.com\/\"},{\"@type\":\"ListItem\",\"position\":2,\"name\":\"Shop\",\"item\":\"https:\/\/nuriatorrente.com\/shop\/\"},{\"@type\":\"ListItem\",\"position\":3,\"name\":\"Galaxia \/ Anillo\"}]},{\"@type\":\"WebSite\",\"@id\":\"https:\/\/nuriatorrente.com\/#website\",\"url\":\"https:\/\/nuriatorrente.com\/\",\"name\":\"Nutopia by Nuria Torrente\",\"description\":\"Joyer\u00eda en vidrio\",\"alternateName\":\"Nuria Torrente\",\"potentialAction\":[{\"@type\":\"SearchAction\",\"target\":{\"@type\":\"EntryPoint\",\"urlTemplate\":\"https:\/\/nuriatorrente.com\/?s={search_term_string}\"},\"query-input\":{\"@type\":\"PropertyValueSpecification\",\"valueRequired\":true,\"valueName\":\"search_term_string\"}}],\"inLanguage\":\"ca\"}]}<\/script>\n<!-- \/ Yoast SEO plugin. -->","yoast_head_json":{"title":"Galaxia \/ Anillo | Nutopia by Nuria Torrente","description":"Anillo de la colecci\u00f3n Galaxia realizado en vidrio y plata.","robots":{"index":"index","follow":"follow","max-snippet":"max-snippet:-1","max-image-preview":"max-image-preview:large","max-video-preview":"max-video-preview:-1"},"canonical":"https:\/\/nuriatorrente.com\/cat\/shop\/galaxia-anillo\/","og_locale":"ca_ES","og_type":"article","og_title":"Galaxia \/ Anillo | Nutopia by Nuria Torrente","og_description":"Anillo de la colecci\u00f3n Galaxia realizado en vidrio y plata.","og_url":"https:\/\/nuriatorrente.com\/cat\/shop\/galaxia-anillo\/","og_site_name":"Nutopia by Nuria Torrente","article_publisher":"https:\/\/www.facebook.com\/nutopiabynuriatorrente\/","article_modified_time":"2020-09-02T16:29:11+00:00","og_image":[{"width":960,"height":960,"url":"https:\/\/nuriatorrente.com\/wp-content\/uploads\/2018\/08\/galaxias-by-nutopia.jpg","type":"image\/jpeg"}],"twitter_card":"summary_large_image","schema":{"@context":"https:\/\/schema.org","@graph":[{"@type":"WebPage","@id":"https:\/\/nuriatorrente.com\/shop\/galaxia-anillo\/","url":"https:\/\/nuriatorrente.com\/shop\/galaxia-anillo\/","name":"Galaxia \/ Anillo | Nutopia by Nuria Torrente","isPartOf":{"@id":"https:\/\/nuriatorrente.com\/#website"},"primaryImageOfPage":{"@id":"https:\/\/nuriatorrente.com\/shop\/galaxia-anillo\/#primaryimage"},"image":{"@id":"https:\/\/nuriatorrente.com\/shop\/galaxia-anillo\/#primaryimage"},"thumbnailUrl":"https:\/\/nuriatorrente.com\/wp-content\/uploads\/2018\/08\/galaxias-by-nutopia.jpg","datePublished":"2020-05-19T10:27:13+00:00","dateModified":"2020-09-02T16:29:11+00:00","description":"Anillo de la colecci\u00f3n Galaxia realizado en vidrio y plata.","breadcrumb":{"@id":"https:\/\/nuriatorrente.com\/shop\/galaxia-anillo\/#breadcrumb"},"inLanguage":"ca","potentialAction":[{"@type":"ReadAction","target":["https:\/\/nuriatorrente.com\/shop\/galaxia-anillo\/"]}]},{"@type":"ImageObject","inLanguage":"ca","@id":"https:\/\/nuriatorrente.com\/shop\/galaxia-anillo\/#primaryimage","url":"https:\/\/nuriatorrente.com\/wp-content\/uploads\/2018\/08\/galaxias-by-nutopia.jpg","contentUrl":"https:\/\/nuriatorrente.com\/wp-content\/uploads\/2018\/08\/galaxias-by-nutopia.jpg","width":960,"height":960},{"@type":"BreadcrumbList","@id":"https:\/\/nuriatorrente.com\/shop\/galaxia-anillo\/#breadcrumb","itemListElement":[{"@type":"ListItem","position":1,"name":"Home","item":"https:\/\/nuriatorrente.com\/"},{"@type":"ListItem","position":2,"name":"Shop","item":"https:\/\/nuriatorrente.com\/shop\/"},{"@type":"ListItem","position":3,"name":"Galaxia \/ Anillo"}]},{"@type":"WebSite","@id":"https:\/\/nuriatorrente.com\/#website","url":"https:\/\/nuriatorrente.com\/","name":"Nutopia by Nuria Torrente","description":"Joyer\u00eda en vidrio","alternateName":"Nuria Torrente","potentialAction":[{"@type":"SearchAction","target":{"@type":"EntryPoint","urlTemplate":"https:\/\/nuriatorrente.com\/?s={search_term_string}"},"query-input":{"@type":"PropertyValueSpecification","valueRequired":true,"valueName":"search_term_string"}}],"inLanguage":"ca"}]}},"_links":{"self":[{"href":"https:\/\/nuriatorrente.com\/cat\/wp-json\/wp\/v2\/product\/13573","targetHints":{"allow":["GET"]}}],"collection":[{"href":"https:\/\/nuriatorrente.com\/cat\/wp-json\/wp\/v2\/product"}],"about":[{"href":"https:\/\/nuriatorrente.com\/cat\/wp-json\/wp\/v2\/types\/product"}],"wp:featuredmedia":[{"embeddable":true,"href":"https:\/\/nuriatorrente.com\/cat\/wp-json\/wp\/v2\/media\/13048"}],"wp:attachment":[{"href":"https:\/\/nuriatorrente.com\/cat\/wp-json\/wp\/v2\/media?parent=13573"}],"wp:term":[{"taxonomy":"product_brand","embeddable":true,"href":"https:\/\/nuriatorrente.com\/cat\/wp-json\/wp\/v2\/product_brand?post=13573"},{"taxonomy":"product_cat","embeddable":true,"href":"https:\/\/nuriatorrente.com\/cat\/wp-json\/wp\/v2\/product_cat?post=13573"},{"taxonomy":"product_tag","embeddable":true,"href":"https:\/\/nuriatorrente.com\/cat\/wp-json\/wp\/v2\/product_tag?post=13573"}],"curies":[{"name":"wp","href":"https:\/\/api.w.org\/{rel}","templated":true}]}}