{"id":13616,"date":"2020-07-19T12:48:15","date_gmt":"2020-07-19T10:48:15","guid":{"rendered":"https:\/\/nuriatorrente.com\/?post_type=product&#038;p=13616"},"modified":"2026-01-28T09:49:06","modified_gmt":"2026-01-28T08:49:06","slug":"be-water-pendientes","status":"publish","type":"product","link":"https:\/\/nuriatorrente.com\/cat\/shop\/be-water-pendientes\/","title":{"rendered":"Be water \/ Pendientes"},"content":{"rendered":"<p>Pendientes de vidrio borosilicato, aplicaciones de oro l\u00edquido y cierre de plata.<\/p>","protected":false},"excerpt":{"rendered":"<p>Se mueve con el ritmo incesante del devenir. Fluye a trav\u00e9s de \u00e9l en armon\u00eda, adapt\u00e1ndose a cada forma. Convirti\u00e9ndose en min\u00fascula gota o en vasto oc\u00e9ano. Llenando cualquier contenedor. Filtr\u00e1ndose por las ranuras m\u00e1s \u00ednfimas. Y a pesar de su apariencia d\u00e9bil, blanda, informe, es capaz de erosionar la piedra m\u00e1s dura. Quiero fluir como ella. Ser agua.<\/p>","protected":false},"featured_media":13617,"template":"","meta":{"_acf_changed":false,"_et_pb_use_builder":"","_et_pb_old_content":"","_et_gb_content_width":""},"product_brand":[],"product_cat":[127],"product_tag":[193],"class_list":{"0":"post-13616","1":"product","2":"type-product","3":"status-publish","4":"has-post-thumbnail","6":"product_cat-pendientes","7":"product_tag-be-water","9":"first","10":"instock","11":"taxable","12":"shipping-taxable","13":"purchasable","14":"product-type-simple"},"acf":[],"yoast_head":"<!-- This site is optimized with the Yoast SEO plugin v27.1.1 - https:\/\/yoast.com\/product\/yoast-seo-wordpress\/ -->\n<title>Be water \/ Pendientes | Nutopia by Nuria Torrente<\/title>\n<meta name=\"description\" content=\"Pendientes de vidrio borosilicato, aplicaciones de oro l\u00edquido y cierre de plata.\" \/>\n<meta name=\"robots\" content=\"index, follow, max-snippet:-1, max-image-preview:large, max-video-preview:-1\" \/>\n<link rel=\"canonical\" href=\"https:\/\/nuriatorrente.com\/cat\/shop\/be-water-pendientes\/\" \/>\n<meta property=\"og:locale\" content=\"ca_ES\" \/>\n<meta property=\"og:type\" content=\"article\" \/>\n<meta property=\"og:title\" content=\"Be water \/ Pendientes | Nutopia by Nuria Torrente\" \/>\n<meta property=\"og:description\" content=\"Pendientes de vidrio borosilicato, aplicaciones de oro l\u00edquido y cierre de plata.\" \/>\n<meta property=\"og:url\" content=\"https:\/\/nuriatorrente.com\/cat\/shop\/be-water-pendientes\/\" \/>\n<meta property=\"og:site_name\" content=\"Nutopia by Nuria Torrente\" \/>\n<meta property=\"article:publisher\" content=\"https:\/\/www.facebook.com\/nutopiabynuriatorrente\/\" \/>\n<meta property=\"article:modified_time\" content=\"2026-01-28T08:49:06+00:00\" \/>\n<meta property=\"og:image\" content=\"https:\/\/nuriatorrente.com\/wp-content\/uploads\/2020\/07\/Be-water-negres-6-web.jpg\" \/>\n\t<meta property=\"og:image:width\" content=\"1280\" \/>\n\t<meta property=\"og:image:height\" content=\"1280\" \/>\n\t<meta property=\"og:image:type\" content=\"image\/jpeg\" \/>\n<meta name=\"twitter:card\" content=\"summary_large_image\" \/>\n<meta name=\"twitter:label1\" content=\"Temps estimat de lectura\" \/>\n\t<meta name=\"twitter:data1\" content=\"1 minut\" \/>\n<script type=\"application\/ld+json\" class=\"yoast-schema-graph\">{\"@context\":\"https:\/\/schema.org\",\"@graph\":[{\"@type\":\"WebPage\",\"@id\":\"https:\/\/nuriatorrente.com\/shop\/be-water-pendientes\/\",\"url\":\"https:\/\/nuriatorrente.com\/shop\/be-water-pendientes\/\",\"name\":\"Be water \/ Pendientes | Nutopia by Nuria Torrente\",\"isPartOf\":{\"@id\":\"https:\/\/nuriatorrente.com\/#website\"},\"primaryImageOfPage\":{\"@id\":\"https:\/\/nuriatorrente.com\/shop\/be-water-pendientes\/#primaryimage\"},\"image\":{\"@id\":\"https:\/\/nuriatorrente.com\/shop\/be-water-pendientes\/#primaryimage\"},\"thumbnailUrl\":\"https:\/\/nuriatorrente.com\/wp-content\/uploads\/2020\/07\/Be-water-negres-6-web.jpg\",\"datePublished\":\"2020-07-19T10:48:15+00:00\",\"dateModified\":\"2026-01-28T08:49:06+00:00\",\"description\":\"Pendientes de vidrio borosilicato, aplicaciones de oro l\u00edquido y cierre de plata.\",\"breadcrumb\":{\"@id\":\"https:\/\/nuriatorrente.com\/shop\/be-water-pendientes\/#breadcrumb\"},\"inLanguage\":\"ca\",\"potentialAction\":[{\"@type\":\"ReadAction\",\"target\":[\"https:\/\/nuriatorrente.com\/shop\/be-water-pendientes\/\"]}]},{\"@type\":\"ImageObject\",\"inLanguage\":\"ca\",\"@id\":\"https:\/\/nuriatorrente.com\/shop\/be-water-pendientes\/#primaryimage\",\"url\":\"https:\/\/nuriatorrente.com\/wp-content\/uploads\/2020\/07\/Be-water-negres-6-web.jpg\",\"contentUrl\":\"https:\/\/nuriatorrente.com\/wp-content\/uploads\/2020\/07\/Be-water-negres-6-web.jpg\",\"width\":1280,\"height\":1280},{\"@type\":\"BreadcrumbList\",\"@id\":\"https:\/\/nuriatorrente.com\/shop\/be-water-pendientes\/#breadcrumb\",\"itemListElement\":[{\"@type\":\"ListItem\",\"position\":1,\"name\":\"Home\",\"item\":\"https:\/\/nuriatorrente.com\/\"},{\"@type\":\"ListItem\",\"position\":2,\"name\":\"Shop\",\"item\":\"https:\/\/nuriatorrente.com\/shop\/\"},{\"@type\":\"ListItem\",\"position\":3,\"name\":\"Be water \/ Pendientes\"}]},{\"@type\":\"WebSite\",\"@id\":\"https:\/\/nuriatorrente.com\/#website\",\"url\":\"https:\/\/nuriatorrente.com\/\",\"name\":\"Nutopia by Nuria Torrente\",\"description\":\"Joyer\u00eda en vidrio\",\"alternateName\":\"Nuria Torrente\",\"potentialAction\":[{\"@type\":\"SearchAction\",\"target\":{\"@type\":\"EntryPoint\",\"urlTemplate\":\"https:\/\/nuriatorrente.com\/?s={search_term_string}\"},\"query-input\":{\"@type\":\"PropertyValueSpecification\",\"valueRequired\":true,\"valueName\":\"search_term_string\"}}],\"inLanguage\":\"ca\"}]}<\/script>\n<!-- \/ Yoast SEO plugin. -->","yoast_head_json":{"title":"Be water \/ Pendientes | Nutopia by Nuria Torrente","description":"Pendientes de vidrio borosilicato, aplicaciones de oro l\u00edquido y cierre de plata.","robots":{"index":"index","follow":"follow","max-snippet":"max-snippet:-1","max-image-preview":"max-image-preview:large","max-video-preview":"max-video-preview:-1"},"canonical":"https:\/\/nuriatorrente.com\/cat\/shop\/be-water-pendientes\/","og_locale":"ca_ES","og_type":"article","og_title":"Be water \/ Pendientes | Nutopia by Nuria Torrente","og_description":"Pendientes de vidrio borosilicato, aplicaciones de oro l\u00edquido y cierre de plata.","og_url":"https:\/\/nuriatorrente.com\/cat\/shop\/be-water-pendientes\/","og_site_name":"Nutopia by Nuria Torrente","article_publisher":"https:\/\/www.facebook.com\/nutopiabynuriatorrente\/","article_modified_time":"2026-01-28T08:49:06+00:00","og_image":[{"width":1280,"height":1280,"url":"https:\/\/nuriatorrente.com\/wp-content\/uploads\/2020\/07\/Be-water-negres-6-web.jpg","type":"image\/jpeg"}],"twitter_card":"summary_large_image","twitter_misc":{"Temps estimat de lectura":"1 minut"},"schema":{"@context":"https:\/\/schema.org","@graph":[{"@type":"WebPage","@id":"https:\/\/nuriatorrente.com\/shop\/be-water-pendientes\/","url":"https:\/\/nuriatorrente.com\/shop\/be-water-pendientes\/","name":"Be water \/ Pendientes | Nutopia by Nuria Torrente","isPartOf":{"@id":"https:\/\/nuriatorrente.com\/#website"},"primaryImageOfPage":{"@id":"https:\/\/nuriatorrente.com\/shop\/be-water-pendientes\/#primaryimage"},"image":{"@id":"https:\/\/nuriatorrente.com\/shop\/be-water-pendientes\/#primaryimage"},"thumbnailUrl":"https:\/\/nuriatorrente.com\/wp-content\/uploads\/2020\/07\/Be-water-negres-6-web.jpg","datePublished":"2020-07-19T10:48:15+00:00","dateModified":"2026-01-28T08:49:06+00:00","description":"Pendientes de vidrio borosilicato, aplicaciones de oro l\u00edquido y cierre de plata.","breadcrumb":{"@id":"https:\/\/nuriatorrente.com\/shop\/be-water-pendientes\/#breadcrumb"},"inLanguage":"ca","potentialAction":[{"@type":"ReadAction","target":["https:\/\/nuriatorrente.com\/shop\/be-water-pendientes\/"]}]},{"@type":"ImageObject","inLanguage":"ca","@id":"https:\/\/nuriatorrente.com\/shop\/be-water-pendientes\/#primaryimage","url":"https:\/\/nuriatorrente.com\/wp-content\/uploads\/2020\/07\/Be-water-negres-6-web.jpg","contentUrl":"https:\/\/nuriatorrente.com\/wp-content\/uploads\/2020\/07\/Be-water-negres-6-web.jpg","width":1280,"height":1280},{"@type":"BreadcrumbList","@id":"https:\/\/nuriatorrente.com\/shop\/be-water-pendientes\/#breadcrumb","itemListElement":[{"@type":"ListItem","position":1,"name":"Home","item":"https:\/\/nuriatorrente.com\/"},{"@type":"ListItem","position":2,"name":"Shop","item":"https:\/\/nuriatorrente.com\/shop\/"},{"@type":"ListItem","position":3,"name":"Be water \/ Pendientes"}]},{"@type":"WebSite","@id":"https:\/\/nuriatorrente.com\/#website","url":"https:\/\/nuriatorrente.com\/","name":"Nutopia by Nuria Torrente","description":"Joyer\u00eda en vidrio","alternateName":"Nuria Torrente","potentialAction":[{"@type":"SearchAction","target":{"@type":"EntryPoint","urlTemplate":"https:\/\/nuriatorrente.com\/?s={search_term_string}"},"query-input":{"@type":"PropertyValueSpecification","valueRequired":true,"valueName":"search_term_string"}}],"inLanguage":"ca"}]}},"_links":{"self":[{"href":"https:\/\/nuriatorrente.com\/cat\/wp-json\/wp\/v2\/product\/13616","targetHints":{"allow":["GET"]}}],"collection":[{"href":"https:\/\/nuriatorrente.com\/cat\/wp-json\/wp\/v2\/product"}],"about":[{"href":"https:\/\/nuriatorrente.com\/cat\/wp-json\/wp\/v2\/types\/product"}],"wp:featuredmedia":[{"embeddable":true,"href":"https:\/\/nuriatorrente.com\/cat\/wp-json\/wp\/v2\/media\/13617"}],"wp:attachment":[{"href":"https:\/\/nuriatorrente.com\/cat\/wp-json\/wp\/v2\/media?parent=13616"}],"wp:term":[{"taxonomy":"product_brand","embeddable":true,"href":"https:\/\/nuriatorrente.com\/cat\/wp-json\/wp\/v2\/product_brand?post=13616"},{"taxonomy":"product_cat","embeddable":true,"href":"https:\/\/nuriatorrente.com\/cat\/wp-json\/wp\/v2\/product_cat?post=13616"},{"taxonomy":"product_tag","embeddable":true,"href":"https:\/\/nuriatorrente.com\/cat\/wp-json\/wp\/v2\/product_tag?post=13616"}],"curies":[{"name":"wp","href":"https:\/\/api.w.org\/{rel}","templated":true}]}}