{"id":13681,"date":"2020-09-25T19:14:02","date_gmt":"2020-09-25T17:14:02","guid":{"rendered":"https:\/\/nuriatorrente.com\/?post_type=product&#038;p=13681"},"modified":"2020-09-25T19:14:02","modified_gmt":"2020-09-25T17:14:02","slug":"arena-anillo","status":"publish","type":"product","link":"https:\/\/nuriatorrente.com\/cat\/shop\/arena-anillo\/","title":{"rendered":"Arena \/ Anillo"},"content":{"rendered":"<p>Anillo hecho con un grano de arena y plata.<\/p>","protected":false},"excerpt":{"rendered":"<p>Los recuerdos m\u00e1s bonitos de mi infancia se sit\u00faan al lado del mar, y si cierro los ojos, me veo recogiendo peque\u00f1as piedras, caracolas y frasquitos con arena. Para m\u00ed eran grandes tesoros. Unas cuantas d\u00e9cadas despu\u00e9s, esa arena sigue siendo para m\u00ed algo tan valioso como una piedra preciosa. As\u00ed que me decid\u00ed a convertir algunos de esos granitos en joyas. Si tuviera que definir estas piezas, hablar\u00eda de joyer\u00eda emocional. El significado de cada una de ellas, va mucho m\u00e1s all\u00e1 de lo material.<\/p>","protected":false},"featured_media":13682,"template":"","meta":{"_acf_changed":false,"_et_pb_use_builder":"","_et_pb_old_content":"","_et_gb_content_width":""},"product_brand":[],"product_cat":[180],"product_tag":[198],"class_list":{"0":"post-13681","1":"product","2":"type-product","3":"status-publish","4":"has-post-thumbnail","6":"product_cat-anillos","7":"product_tag-arena","9":"first","10":"instock","11":"taxable","12":"shipping-taxable","13":"purchasable","14":"product-type-simple"},"acf":[],"yoast_head":"<!-- This site is optimized with the Yoast SEO plugin v27.1.1 - https:\/\/yoast.com\/product\/yoast-seo-wordpress\/ -->\n<title>Arena \/ Anillo | Nutopia by Nuria Torrente<\/title>\n<meta name=\"robots\" content=\"index, follow, max-snippet:-1, max-image-preview:large, max-video-preview:-1\" \/>\n<link rel=\"canonical\" href=\"https:\/\/nuriatorrente.com\/cat\/shop\/arena-anillo\/\" \/>\n<meta property=\"og:locale\" content=\"ca_ES\" \/>\n<meta property=\"og:type\" content=\"article\" \/>\n<meta property=\"og:title\" content=\"Arena \/ Anillo | Nutopia by Nuria Torrente\" \/>\n<meta property=\"og:description\" content=\"Los recuerdos m\u00e1s bonitos de mi infancia se sit\u00faan al lado del mar, y si cierro los ojos, me veo recogiendo peque\u00f1as piedras, caracolas y frasquitos con arena. Para m\u00ed eran grandes tesoros. Unas cuantas d\u00e9cadas despu\u00e9s, esa arena sigue siendo para m\u00ed algo tan valioso como una piedra preciosa. As\u00ed que me decid\u00ed a convertir algunos de esos granitos en joyas. Si tuviera que definir estas piezas, hablar\u00eda de joyer\u00eda emocional. El significado de cada una de ellas, va mucho m\u00e1s all\u00e1 de lo material.\" \/>\n<meta property=\"og:url\" content=\"https:\/\/nuriatorrente.com\/cat\/shop\/arena-anillo\/\" \/>\n<meta property=\"og:site_name\" content=\"Nutopia by Nuria Torrente\" \/>\n<meta property=\"article:publisher\" content=\"https:\/\/www.facebook.com\/nutopiabynuriatorrente\/\" \/>\n<meta property=\"og:image\" content=\"https:\/\/nuriatorrente.com\/wp-content\/uploads\/2020\/09\/anillo-arena-nutopia.jpg\" \/>\n\t<meta property=\"og:image:width\" content=\"1280\" \/>\n\t<meta property=\"og:image:height\" content=\"1280\" \/>\n\t<meta property=\"og:image:type\" content=\"image\/jpeg\" \/>\n<meta name=\"twitter:card\" content=\"summary_large_image\" \/>\n<script type=\"application\/ld+json\" class=\"yoast-schema-graph\">{\"@context\":\"https:\/\/schema.org\",\"@graph\":[{\"@type\":\"WebPage\",\"@id\":\"https:\/\/nuriatorrente.com\/shop\/arena-anillo\/\",\"url\":\"https:\/\/nuriatorrente.com\/shop\/arena-anillo\/\",\"name\":\"Arena \/ Anillo | Nutopia by Nuria Torrente\",\"isPartOf\":{\"@id\":\"https:\/\/nuriatorrente.com\/#website\"},\"primaryImageOfPage\":{\"@id\":\"https:\/\/nuriatorrente.com\/shop\/arena-anillo\/#primaryimage\"},\"image\":{\"@id\":\"https:\/\/nuriatorrente.com\/shop\/arena-anillo\/#primaryimage\"},\"thumbnailUrl\":\"https:\/\/nuriatorrente.com\/wp-content\/uploads\/2020\/09\/anillo-arena-nutopia.jpg\",\"datePublished\":\"2020-09-25T17:14:02+00:00\",\"breadcrumb\":{\"@id\":\"https:\/\/nuriatorrente.com\/shop\/arena-anillo\/#breadcrumb\"},\"inLanguage\":\"ca\",\"potentialAction\":[{\"@type\":\"ReadAction\",\"target\":[\"https:\/\/nuriatorrente.com\/shop\/arena-anillo\/\"]}]},{\"@type\":\"ImageObject\",\"inLanguage\":\"ca\",\"@id\":\"https:\/\/nuriatorrente.com\/shop\/arena-anillo\/#primaryimage\",\"url\":\"https:\/\/nuriatorrente.com\/wp-content\/uploads\/2020\/09\/anillo-arena-nutopia.jpg\",\"contentUrl\":\"https:\/\/nuriatorrente.com\/wp-content\/uploads\/2020\/09\/anillo-arena-nutopia.jpg\",\"width\":1280,\"height\":1280},{\"@type\":\"BreadcrumbList\",\"@id\":\"https:\/\/nuriatorrente.com\/shop\/arena-anillo\/#breadcrumb\",\"itemListElement\":[{\"@type\":\"ListItem\",\"position\":1,\"name\":\"Home\",\"item\":\"https:\/\/nuriatorrente.com\/\"},{\"@type\":\"ListItem\",\"position\":2,\"name\":\"Shop\",\"item\":\"https:\/\/nuriatorrente.com\/shop\/\"},{\"@type\":\"ListItem\",\"position\":3,\"name\":\"Arena \/ Anillo\"}]},{\"@type\":\"WebSite\",\"@id\":\"https:\/\/nuriatorrente.com\/#website\",\"url\":\"https:\/\/nuriatorrente.com\/\",\"name\":\"Nutopia by Nuria Torrente\",\"description\":\"Joyer\u00eda en vidrio\",\"alternateName\":\"Nuria Torrente\",\"potentialAction\":[{\"@type\":\"SearchAction\",\"target\":{\"@type\":\"EntryPoint\",\"urlTemplate\":\"https:\/\/nuriatorrente.com\/?s={search_term_string}\"},\"query-input\":{\"@type\":\"PropertyValueSpecification\",\"valueRequired\":true,\"valueName\":\"search_term_string\"}}],\"inLanguage\":\"ca\"}]}<\/script>\n<!-- \/ Yoast SEO plugin. -->","yoast_head_json":{"title":"Arena \/ Anillo | Nutopia by Nuria Torrente","robots":{"index":"index","follow":"follow","max-snippet":"max-snippet:-1","max-image-preview":"max-image-preview:large","max-video-preview":"max-video-preview:-1"},"canonical":"https:\/\/nuriatorrente.com\/cat\/shop\/arena-anillo\/","og_locale":"ca_ES","og_type":"article","og_title":"Arena \/ Anillo | Nutopia by Nuria Torrente","og_description":"Los recuerdos m\u00e1s bonitos de mi infancia se sit\u00faan al lado del mar, y si cierro los ojos, me veo recogiendo peque\u00f1as piedras, caracolas y frasquitos con arena. Para m\u00ed eran grandes tesoros. Unas cuantas d\u00e9cadas despu\u00e9s, esa arena sigue siendo para m\u00ed algo tan valioso como una piedra preciosa. As\u00ed que me decid\u00ed a convertir algunos de esos granitos en joyas. Si tuviera que definir estas piezas, hablar\u00eda de joyer\u00eda emocional. El significado de cada una de ellas, va mucho m\u00e1s all\u00e1 de lo material.","og_url":"https:\/\/nuriatorrente.com\/cat\/shop\/arena-anillo\/","og_site_name":"Nutopia by Nuria Torrente","article_publisher":"https:\/\/www.facebook.com\/nutopiabynuriatorrente\/","og_image":[{"width":1280,"height":1280,"url":"https:\/\/nuriatorrente.com\/wp-content\/uploads\/2020\/09\/anillo-arena-nutopia.jpg","type":"image\/jpeg"}],"twitter_card":"summary_large_image","schema":{"@context":"https:\/\/schema.org","@graph":[{"@type":"WebPage","@id":"https:\/\/nuriatorrente.com\/shop\/arena-anillo\/","url":"https:\/\/nuriatorrente.com\/shop\/arena-anillo\/","name":"Arena \/ Anillo | Nutopia by Nuria Torrente","isPartOf":{"@id":"https:\/\/nuriatorrente.com\/#website"},"primaryImageOfPage":{"@id":"https:\/\/nuriatorrente.com\/shop\/arena-anillo\/#primaryimage"},"image":{"@id":"https:\/\/nuriatorrente.com\/shop\/arena-anillo\/#primaryimage"},"thumbnailUrl":"https:\/\/nuriatorrente.com\/wp-content\/uploads\/2020\/09\/anillo-arena-nutopia.jpg","datePublished":"2020-09-25T17:14:02+00:00","breadcrumb":{"@id":"https:\/\/nuriatorrente.com\/shop\/arena-anillo\/#breadcrumb"},"inLanguage":"ca","potentialAction":[{"@type":"ReadAction","target":["https:\/\/nuriatorrente.com\/shop\/arena-anillo\/"]}]},{"@type":"ImageObject","inLanguage":"ca","@id":"https:\/\/nuriatorrente.com\/shop\/arena-anillo\/#primaryimage","url":"https:\/\/nuriatorrente.com\/wp-content\/uploads\/2020\/09\/anillo-arena-nutopia.jpg","contentUrl":"https:\/\/nuriatorrente.com\/wp-content\/uploads\/2020\/09\/anillo-arena-nutopia.jpg","width":1280,"height":1280},{"@type":"BreadcrumbList","@id":"https:\/\/nuriatorrente.com\/shop\/arena-anillo\/#breadcrumb","itemListElement":[{"@type":"ListItem","position":1,"name":"Home","item":"https:\/\/nuriatorrente.com\/"},{"@type":"ListItem","position":2,"name":"Shop","item":"https:\/\/nuriatorrente.com\/shop\/"},{"@type":"ListItem","position":3,"name":"Arena \/ Anillo"}]},{"@type":"WebSite","@id":"https:\/\/nuriatorrente.com\/#website","url":"https:\/\/nuriatorrente.com\/","name":"Nutopia by Nuria Torrente","description":"Joyer\u00eda en vidrio","alternateName":"Nuria Torrente","potentialAction":[{"@type":"SearchAction","target":{"@type":"EntryPoint","urlTemplate":"https:\/\/nuriatorrente.com\/?s={search_term_string}"},"query-input":{"@type":"PropertyValueSpecification","valueRequired":true,"valueName":"search_term_string"}}],"inLanguage":"ca"}]}},"_links":{"self":[{"href":"https:\/\/nuriatorrente.com\/cat\/wp-json\/wp\/v2\/product\/13681","targetHints":{"allow":["GET"]}}],"collection":[{"href":"https:\/\/nuriatorrente.com\/cat\/wp-json\/wp\/v2\/product"}],"about":[{"href":"https:\/\/nuriatorrente.com\/cat\/wp-json\/wp\/v2\/types\/product"}],"wp:featuredmedia":[{"embeddable":true,"href":"https:\/\/nuriatorrente.com\/cat\/wp-json\/wp\/v2\/media\/13682"}],"wp:attachment":[{"href":"https:\/\/nuriatorrente.com\/cat\/wp-json\/wp\/v2\/media?parent=13681"}],"wp:term":[{"taxonomy":"product_brand","embeddable":true,"href":"https:\/\/nuriatorrente.com\/cat\/wp-json\/wp\/v2\/product_brand?post=13681"},{"taxonomy":"product_cat","embeddable":true,"href":"https:\/\/nuriatorrente.com\/cat\/wp-json\/wp\/v2\/product_cat?post=13681"},{"taxonomy":"product_tag","embeddable":true,"href":"https:\/\/nuriatorrente.com\/cat\/wp-json\/wp\/v2\/product_tag?post=13681"}],"curies":[{"name":"wp","href":"https:\/\/api.w.org\/{rel}","templated":true}]}}