{"id":13824,"date":"2022-04-13T09:49:14","date_gmt":"2022-04-13T07:49:14","guid":{"rendered":"https:\/\/nuriatorrente.com\/?post_type=product&#038;p=13824"},"modified":"2022-04-13T09:49:14","modified_gmt":"2022-04-13T07:49:14","slug":"dew-drops","status":"publish","type":"product","link":"https:\/\/nuriatorrente.com\/cat\/shop\/dew-drops\/","title":{"rendered":"Dew Drops"},"content":{"rendered":"<p>Como las gotas de roc\u00edo, atrayendo la primera luz de la ma\u00f1ana, reflej\u00e1ndola e inundando de ella las \u00faltimas sombras de la noche. Magia y belleza ef\u00edmera, que con un peque\u00f1o rayo de luz, lo iluminan todo.<\/p>","protected":false},"excerpt":{"rendered":"<p>Pendientes Dew Drops, inspirados en las gotas de roc\u00edo, en toda la magia y luminosidad que hay en ellas. Peque\u00f1as gotitas de vidrio, montadas en plata. Son unos pendientes muy ligeros y con una luz incre\u00edble.<\/p>","protected":false},"featured_media":13825,"template":"","meta":{"_acf_changed":false,"_et_pb_use_builder":"","_et_pb_old_content":"","_et_gb_content_width":""},"product_brand":[],"product_cat":[127],"product_tag":[207],"class_list":{"0":"post-13824","1":"product","2":"type-product","3":"status-publish","4":"has-post-thumbnail","6":"product_cat-pendientes","7":"product_tag-dew-drops","9":"first","10":"instock","11":"taxable","12":"shipping-taxable","13":"purchasable","14":"product-type-simple"},"acf":[],"yoast_head":"<!-- This site is optimized with the Yoast SEO plugin v27.1.1 - https:\/\/yoast.com\/product\/yoast-seo-wordpress\/ -->\n<title>Dew Drops | Nutopia by Nuria Torrente<\/title>\n<meta name=\"description\" content=\"dew drops pendientes de vidrio de Nutopia by Nuria Torrente\" \/>\n<meta name=\"robots\" content=\"index, follow, max-snippet:-1, max-image-preview:large, max-video-preview:-1\" \/>\n<link rel=\"canonical\" href=\"https:\/\/nuriatorrente.com\/cat\/shop\/dew-drops\/\" \/>\n<meta property=\"og:locale\" content=\"ca_ES\" \/>\n<meta property=\"og:type\" content=\"article\" \/>\n<meta property=\"og:title\" content=\"Dew Drops | Nutopia by Nuria Torrente\" \/>\n<meta property=\"og:description\" content=\"dew drops pendientes de vidrio de Nutopia by Nuria Torrente\" \/>\n<meta property=\"og:url\" content=\"https:\/\/nuriatorrente.com\/cat\/shop\/dew-drops\/\" \/>\n<meta property=\"og:site_name\" content=\"Nutopia by Nuria Torrente\" \/>\n<meta property=\"article:publisher\" content=\"https:\/\/www.facebook.com\/nutopiabynuriatorrente\/\" \/>\n<meta property=\"og:image\" content=\"https:\/\/nuriatorrente.com\/wp-content\/uploads\/2022\/04\/Dew-Drops-2-Nuria-Torrente.jpg\" \/>\n\t<meta property=\"og:image:width\" content=\"900\" \/>\n\t<meta property=\"og:image:height\" content=\"900\" \/>\n\t<meta property=\"og:image:type\" content=\"image\/jpeg\" \/>\n<meta name=\"twitter:card\" content=\"summary_large_image\" \/>\n<meta name=\"twitter:label1\" content=\"Temps estimat de lectura\" \/>\n\t<meta name=\"twitter:data1\" content=\"1 minut\" \/>\n<script type=\"application\/ld+json\" class=\"yoast-schema-graph\">{\"@context\":\"https:\/\/schema.org\",\"@graph\":[{\"@type\":\"WebPage\",\"@id\":\"https:\/\/nuriatorrente.com\/shop\/dew-drops\/\",\"url\":\"https:\/\/nuriatorrente.com\/shop\/dew-drops\/\",\"name\":\"Dew Drops | Nutopia by Nuria Torrente\",\"isPartOf\":{\"@id\":\"https:\/\/nuriatorrente.com\/#website\"},\"primaryImageOfPage\":{\"@id\":\"https:\/\/nuriatorrente.com\/shop\/dew-drops\/#primaryimage\"},\"image\":{\"@id\":\"https:\/\/nuriatorrente.com\/shop\/dew-drops\/#primaryimage\"},\"thumbnailUrl\":\"https:\/\/nuriatorrente.com\/wp-content\/uploads\/2022\/04\/Dew-Drops-2-Nuria-Torrente.jpg\",\"datePublished\":\"2022-04-13T07:49:14+00:00\",\"description\":\"dew drops pendientes de vidrio de Nutopia by Nuria Torrente\",\"breadcrumb\":{\"@id\":\"https:\/\/nuriatorrente.com\/shop\/dew-drops\/#breadcrumb\"},\"inLanguage\":\"ca\",\"potentialAction\":[{\"@type\":\"ReadAction\",\"target\":[\"https:\/\/nuriatorrente.com\/shop\/dew-drops\/\"]}]},{\"@type\":\"ImageObject\",\"inLanguage\":\"ca\",\"@id\":\"https:\/\/nuriatorrente.com\/shop\/dew-drops\/#primaryimage\",\"url\":\"https:\/\/nuriatorrente.com\/wp-content\/uploads\/2022\/04\/Dew-Drops-2-Nuria-Torrente.jpg\",\"contentUrl\":\"https:\/\/nuriatorrente.com\/wp-content\/uploads\/2022\/04\/Dew-Drops-2-Nuria-Torrente.jpg\",\"width\":900,\"height\":900},{\"@type\":\"BreadcrumbList\",\"@id\":\"https:\/\/nuriatorrente.com\/shop\/dew-drops\/#breadcrumb\",\"itemListElement\":[{\"@type\":\"ListItem\",\"position\":1,\"name\":\"Home\",\"item\":\"https:\/\/nuriatorrente.com\/\"},{\"@type\":\"ListItem\",\"position\":2,\"name\":\"Shop\",\"item\":\"https:\/\/nuriatorrente.com\/shop\/\"},{\"@type\":\"ListItem\",\"position\":3,\"name\":\"Dew Drops\"}]},{\"@type\":\"WebSite\",\"@id\":\"https:\/\/nuriatorrente.com\/#website\",\"url\":\"https:\/\/nuriatorrente.com\/\",\"name\":\"Nutopia by Nuria Torrente\",\"description\":\"Joyer\u00eda en vidrio\",\"alternateName\":\"Nuria Torrente\",\"potentialAction\":[{\"@type\":\"SearchAction\",\"target\":{\"@type\":\"EntryPoint\",\"urlTemplate\":\"https:\/\/nuriatorrente.com\/?s={search_term_string}\"},\"query-input\":{\"@type\":\"PropertyValueSpecification\",\"valueRequired\":true,\"valueName\":\"search_term_string\"}}],\"inLanguage\":\"ca\"}]}<\/script>\n<!-- \/ Yoast SEO plugin. -->","yoast_head_json":{"title":"Dew Drops | Nutopia by Nuria Torrente","description":"dew drops pendientes de vidrio de Nutopia by Nuria Torrente","robots":{"index":"index","follow":"follow","max-snippet":"max-snippet:-1","max-image-preview":"max-image-preview:large","max-video-preview":"max-video-preview:-1"},"canonical":"https:\/\/nuriatorrente.com\/cat\/shop\/dew-drops\/","og_locale":"ca_ES","og_type":"article","og_title":"Dew Drops | Nutopia by Nuria Torrente","og_description":"dew drops pendientes de vidrio de Nutopia by Nuria Torrente","og_url":"https:\/\/nuriatorrente.com\/cat\/shop\/dew-drops\/","og_site_name":"Nutopia by Nuria Torrente","article_publisher":"https:\/\/www.facebook.com\/nutopiabynuriatorrente\/","og_image":[{"width":900,"height":900,"url":"https:\/\/nuriatorrente.com\/wp-content\/uploads\/2022\/04\/Dew-Drops-2-Nuria-Torrente.jpg","type":"image\/jpeg"}],"twitter_card":"summary_large_image","twitter_misc":{"Temps estimat de lectura":"1 minut"},"schema":{"@context":"https:\/\/schema.org","@graph":[{"@type":"WebPage","@id":"https:\/\/nuriatorrente.com\/shop\/dew-drops\/","url":"https:\/\/nuriatorrente.com\/shop\/dew-drops\/","name":"Dew Drops | Nutopia by Nuria Torrente","isPartOf":{"@id":"https:\/\/nuriatorrente.com\/#website"},"primaryImageOfPage":{"@id":"https:\/\/nuriatorrente.com\/shop\/dew-drops\/#primaryimage"},"image":{"@id":"https:\/\/nuriatorrente.com\/shop\/dew-drops\/#primaryimage"},"thumbnailUrl":"https:\/\/nuriatorrente.com\/wp-content\/uploads\/2022\/04\/Dew-Drops-2-Nuria-Torrente.jpg","datePublished":"2022-04-13T07:49:14+00:00","description":"dew drops pendientes de vidrio de Nutopia by Nuria Torrente","breadcrumb":{"@id":"https:\/\/nuriatorrente.com\/shop\/dew-drops\/#breadcrumb"},"inLanguage":"ca","potentialAction":[{"@type":"ReadAction","target":["https:\/\/nuriatorrente.com\/shop\/dew-drops\/"]}]},{"@type":"ImageObject","inLanguage":"ca","@id":"https:\/\/nuriatorrente.com\/shop\/dew-drops\/#primaryimage","url":"https:\/\/nuriatorrente.com\/wp-content\/uploads\/2022\/04\/Dew-Drops-2-Nuria-Torrente.jpg","contentUrl":"https:\/\/nuriatorrente.com\/wp-content\/uploads\/2022\/04\/Dew-Drops-2-Nuria-Torrente.jpg","width":900,"height":900},{"@type":"BreadcrumbList","@id":"https:\/\/nuriatorrente.com\/shop\/dew-drops\/#breadcrumb","itemListElement":[{"@type":"ListItem","position":1,"name":"Home","item":"https:\/\/nuriatorrente.com\/"},{"@type":"ListItem","position":2,"name":"Shop","item":"https:\/\/nuriatorrente.com\/shop\/"},{"@type":"ListItem","position":3,"name":"Dew Drops"}]},{"@type":"WebSite","@id":"https:\/\/nuriatorrente.com\/#website","url":"https:\/\/nuriatorrente.com\/","name":"Nutopia by Nuria Torrente","description":"Joyer\u00eda en vidrio","alternateName":"Nuria Torrente","potentialAction":[{"@type":"SearchAction","target":{"@type":"EntryPoint","urlTemplate":"https:\/\/nuriatorrente.com\/?s={search_term_string}"},"query-input":{"@type":"PropertyValueSpecification","valueRequired":true,"valueName":"search_term_string"}}],"inLanguage":"ca"}]}},"_links":{"self":[{"href":"https:\/\/nuriatorrente.com\/cat\/wp-json\/wp\/v2\/product\/13824","targetHints":{"allow":["GET"]}}],"collection":[{"href":"https:\/\/nuriatorrente.com\/cat\/wp-json\/wp\/v2\/product"}],"about":[{"href":"https:\/\/nuriatorrente.com\/cat\/wp-json\/wp\/v2\/types\/product"}],"wp:featuredmedia":[{"embeddable":true,"href":"https:\/\/nuriatorrente.com\/cat\/wp-json\/wp\/v2\/media\/13825"}],"wp:attachment":[{"href":"https:\/\/nuriatorrente.com\/cat\/wp-json\/wp\/v2\/media?parent=13824"}],"wp:term":[{"taxonomy":"product_brand","embeddable":true,"href":"https:\/\/nuriatorrente.com\/cat\/wp-json\/wp\/v2\/product_brand?post=13824"},{"taxonomy":"product_cat","embeddable":true,"href":"https:\/\/nuriatorrente.com\/cat\/wp-json\/wp\/v2\/product_cat?post=13824"},{"taxonomy":"product_tag","embeddable":true,"href":"https:\/\/nuriatorrente.com\/cat\/wp-json\/wp\/v2\/product_tag?post=13824"}],"curies":[{"name":"wp","href":"https:\/\/api.w.org\/{rel}","templated":true}]}}