{"id":13830,"date":"2022-05-10T09:49:35","date_gmt":"2022-05-10T07:49:35","guid":{"rendered":"https:\/\/nuriatorrente.com\/?post_type=product&#038;p=13830"},"modified":"2022-05-10T09:49:35","modified_gmt":"2022-05-10T07:49:35","slug":"caracola","status":"publish","type":"product","link":"https:\/\/nuriatorrente.com\/cat\/shop\/caracola\/","title":{"rendered":"Caracola"},"content":{"rendered":"<p>Los pendientes Caracola est\u00e1n pensados para aqu\u00e9llas -como yo- que llevan el mar en lo m\u00e1s hondo de su coraz\u00f3n. Y que cuando algo te lo recuerda, una parte de tu ser sonr\u00ede y se siente en paz. Est\u00e1n realizados en plata y vidrio, un buen pu\u00f1ado de emoci\u00f3n y una pizca de nostalgia. Son ligeros y c\u00f3modos, porque los sentimientos no se miden en gramos.<\/p>","protected":false},"excerpt":{"rendered":"<p>Pendientes realizados artesanalmente en vidrio y plata.<\/p>","protected":false},"featured_media":13831,"template":"","meta":{"_acf_changed":false,"_et_pb_use_builder":"","_et_pb_old_content":"","_et_gb_content_width":""},"product_brand":[],"product_cat":[127],"product_tag":[208],"class_list":{"0":"post-13830","1":"product","2":"type-product","3":"status-publish","4":"has-post-thumbnail","6":"product_cat-pendientes","7":"product_tag-caracola","9":"first","10":"instock","11":"taxable","12":"shipping-taxable","13":"purchasable","14":"product-type-simple"},"acf":[],"yoast_head":"<!-- This site is optimized with the Yoast SEO plugin v27.1.1 - https:\/\/yoast.com\/product\/yoast-seo-wordpress\/ -->\n<title>Caracola | Nutopia by Nuria Torrente<\/title>\n<meta name=\"description\" content=\"Los pendientes Caracola est\u00e1n pensados para aqu\u00e9llas -como yo- que llevan el mar en lo m\u00e1s hondo de su coraz\u00f3n.\" \/>\n<meta name=\"robots\" content=\"index, follow, max-snippet:-1, max-image-preview:large, max-video-preview:-1\" \/>\n<link rel=\"canonical\" href=\"https:\/\/nuriatorrente.com\/cat\/shop\/caracola\/\" \/>\n<meta property=\"og:locale\" content=\"ca_ES\" \/>\n<meta property=\"og:type\" content=\"article\" \/>\n<meta property=\"og:title\" content=\"Caracola | Nutopia by Nuria Torrente\" \/>\n<meta property=\"og:description\" content=\"Los pendientes Caracola est\u00e1n pensados para aqu\u00e9llas -como yo- que llevan el mar en lo m\u00e1s hondo de su coraz\u00f3n.\" \/>\n<meta property=\"og:url\" content=\"https:\/\/nuriatorrente.com\/cat\/shop\/caracola\/\" \/>\n<meta property=\"og:site_name\" content=\"Nutopia by Nuria Torrente\" \/>\n<meta property=\"article:publisher\" content=\"https:\/\/www.facebook.com\/nutopiabynuriatorrente\/\" \/>\n<meta property=\"og:image\" content=\"https:\/\/nuriatorrente.com\/wp-content\/uploads\/2022\/05\/caracola-nuria-torrente.jpg\" \/>\n\t<meta property=\"og:image:width\" content=\"1600\" \/>\n\t<meta property=\"og:image:height\" content=\"1600\" \/>\n\t<meta property=\"og:image:type\" content=\"image\/jpeg\" \/>\n<meta name=\"twitter:card\" content=\"summary_large_image\" \/>\n<meta name=\"twitter:label1\" content=\"Temps estimat de lectura\" \/>\n\t<meta name=\"twitter:data1\" content=\"1 minut\" \/>\n<script type=\"application\/ld+json\" class=\"yoast-schema-graph\">{\"@context\":\"https:\/\/schema.org\",\"@graph\":[{\"@type\":\"WebPage\",\"@id\":\"https:\/\/nuriatorrente.com\/cat\/shop\/caracola\/\",\"url\":\"https:\/\/nuriatorrente.com\/cat\/shop\/caracola\/\",\"name\":\"Caracola | Nutopia by Nuria Torrente\",\"isPartOf\":{\"@id\":\"https:\/\/nuriatorrente.com\/#website\"},\"primaryImageOfPage\":{\"@id\":\"https:\/\/nuriatorrente.com\/cat\/shop\/caracola\/#primaryimage\"},\"image\":{\"@id\":\"https:\/\/nuriatorrente.com\/cat\/shop\/caracola\/#primaryimage\"},\"thumbnailUrl\":\"https:\/\/nuriatorrente.com\/wp-content\/uploads\/2022\/05\/caracola-nuria-torrente.jpg\",\"datePublished\":\"2022-05-10T07:49:35+00:00\",\"description\":\"Los pendientes Caracola est\u00e1n pensados para aqu\u00e9llas -como yo- que llevan el mar en lo m\u00e1s hondo de su coraz\u00f3n.\",\"breadcrumb\":{\"@id\":\"https:\/\/nuriatorrente.com\/cat\/shop\/caracola\/#breadcrumb\"},\"inLanguage\":\"ca\",\"potentialAction\":[{\"@type\":\"ReadAction\",\"target\":[\"https:\/\/nuriatorrente.com\/cat\/shop\/caracola\/\"]}]},{\"@type\":\"ImageObject\",\"inLanguage\":\"ca\",\"@id\":\"https:\/\/nuriatorrente.com\/cat\/shop\/caracola\/#primaryimage\",\"url\":\"https:\/\/nuriatorrente.com\/wp-content\/uploads\/2022\/05\/caracola-nuria-torrente.jpg\",\"contentUrl\":\"https:\/\/nuriatorrente.com\/wp-content\/uploads\/2022\/05\/caracola-nuria-torrente.jpg\",\"width\":1600,\"height\":1600},{\"@type\":\"BreadcrumbList\",\"@id\":\"https:\/\/nuriatorrente.com\/cat\/shop\/caracola\/#breadcrumb\",\"itemListElement\":[{\"@type\":\"ListItem\",\"position\":1,\"name\":\"Home\",\"item\":\"https:\/\/nuriatorrente.com\/\"},{\"@type\":\"ListItem\",\"position\":2,\"name\":\"Shop\",\"item\":\"https:\/\/nuriatorrente.com\/shop\/\"},{\"@type\":\"ListItem\",\"position\":3,\"name\":\"Caracola\"}]},{\"@type\":\"WebSite\",\"@id\":\"https:\/\/nuriatorrente.com\/#website\",\"url\":\"https:\/\/nuriatorrente.com\/\",\"name\":\"Nutopia by Nuria Torrente\",\"description\":\"Joyer\u00eda en vidrio\",\"alternateName\":\"Nuria Torrente\",\"potentialAction\":[{\"@type\":\"SearchAction\",\"target\":{\"@type\":\"EntryPoint\",\"urlTemplate\":\"https:\/\/nuriatorrente.com\/?s={search_term_string}\"},\"query-input\":{\"@type\":\"PropertyValueSpecification\",\"valueRequired\":true,\"valueName\":\"search_term_string\"}}],\"inLanguage\":\"ca\"}]}<\/script>\n<!-- \/ Yoast SEO plugin. -->","yoast_head_json":{"title":"Caracola | Nutopia by Nuria Torrente","description":"Los pendientes Caracola est\u00e1n pensados para aqu\u00e9llas -como yo- que llevan el mar en lo m\u00e1s hondo de su coraz\u00f3n.","robots":{"index":"index","follow":"follow","max-snippet":"max-snippet:-1","max-image-preview":"max-image-preview:large","max-video-preview":"max-video-preview:-1"},"canonical":"https:\/\/nuriatorrente.com\/cat\/shop\/caracola\/","og_locale":"ca_ES","og_type":"article","og_title":"Caracola | Nutopia by Nuria Torrente","og_description":"Los pendientes Caracola est\u00e1n pensados para aqu\u00e9llas -como yo- que llevan el mar en lo m\u00e1s hondo de su coraz\u00f3n.","og_url":"https:\/\/nuriatorrente.com\/cat\/shop\/caracola\/","og_site_name":"Nutopia by Nuria Torrente","article_publisher":"https:\/\/www.facebook.com\/nutopiabynuriatorrente\/","og_image":[{"width":1600,"height":1600,"url":"https:\/\/nuriatorrente.com\/wp-content\/uploads\/2022\/05\/caracola-nuria-torrente.jpg","type":"image\/jpeg"}],"twitter_card":"summary_large_image","twitter_misc":{"Temps estimat de lectura":"1 minut"},"schema":{"@context":"https:\/\/schema.org","@graph":[{"@type":"WebPage","@id":"https:\/\/nuriatorrente.com\/cat\/shop\/caracola\/","url":"https:\/\/nuriatorrente.com\/cat\/shop\/caracola\/","name":"Caracola | Nutopia by Nuria Torrente","isPartOf":{"@id":"https:\/\/nuriatorrente.com\/#website"},"primaryImageOfPage":{"@id":"https:\/\/nuriatorrente.com\/cat\/shop\/caracola\/#primaryimage"},"image":{"@id":"https:\/\/nuriatorrente.com\/cat\/shop\/caracola\/#primaryimage"},"thumbnailUrl":"https:\/\/nuriatorrente.com\/wp-content\/uploads\/2022\/05\/caracola-nuria-torrente.jpg","datePublished":"2022-05-10T07:49:35+00:00","description":"Los pendientes Caracola est\u00e1n pensados para aqu\u00e9llas -como yo- que llevan el mar en lo m\u00e1s hondo de su coraz\u00f3n.","breadcrumb":{"@id":"https:\/\/nuriatorrente.com\/cat\/shop\/caracola\/#breadcrumb"},"inLanguage":"ca","potentialAction":[{"@type":"ReadAction","target":["https:\/\/nuriatorrente.com\/cat\/shop\/caracola\/"]}]},{"@type":"ImageObject","inLanguage":"ca","@id":"https:\/\/nuriatorrente.com\/cat\/shop\/caracola\/#primaryimage","url":"https:\/\/nuriatorrente.com\/wp-content\/uploads\/2022\/05\/caracola-nuria-torrente.jpg","contentUrl":"https:\/\/nuriatorrente.com\/wp-content\/uploads\/2022\/05\/caracola-nuria-torrente.jpg","width":1600,"height":1600},{"@type":"BreadcrumbList","@id":"https:\/\/nuriatorrente.com\/cat\/shop\/caracola\/#breadcrumb","itemListElement":[{"@type":"ListItem","position":1,"name":"Home","item":"https:\/\/nuriatorrente.com\/"},{"@type":"ListItem","position":2,"name":"Shop","item":"https:\/\/nuriatorrente.com\/shop\/"},{"@type":"ListItem","position":3,"name":"Caracola"}]},{"@type":"WebSite","@id":"https:\/\/nuriatorrente.com\/#website","url":"https:\/\/nuriatorrente.com\/","name":"Nutopia by Nuria Torrente","description":"Joyer\u00eda en vidrio","alternateName":"Nuria Torrente","potentialAction":[{"@type":"SearchAction","target":{"@type":"EntryPoint","urlTemplate":"https:\/\/nuriatorrente.com\/?s={search_term_string}"},"query-input":{"@type":"PropertyValueSpecification","valueRequired":true,"valueName":"search_term_string"}}],"inLanguage":"ca"}]}},"_links":{"self":[{"href":"https:\/\/nuriatorrente.com\/cat\/wp-json\/wp\/v2\/product\/13830","targetHints":{"allow":["GET"]}}],"collection":[{"href":"https:\/\/nuriatorrente.com\/cat\/wp-json\/wp\/v2\/product"}],"about":[{"href":"https:\/\/nuriatorrente.com\/cat\/wp-json\/wp\/v2\/types\/product"}],"wp:featuredmedia":[{"embeddable":true,"href":"https:\/\/nuriatorrente.com\/cat\/wp-json\/wp\/v2\/media\/13831"}],"wp:attachment":[{"href":"https:\/\/nuriatorrente.com\/cat\/wp-json\/wp\/v2\/media?parent=13830"}],"wp:term":[{"taxonomy":"product_brand","embeddable":true,"href":"https:\/\/nuriatorrente.com\/cat\/wp-json\/wp\/v2\/product_brand?post=13830"},{"taxonomy":"product_cat","embeddable":true,"href":"https:\/\/nuriatorrente.com\/cat\/wp-json\/wp\/v2\/product_cat?post=13830"},{"taxonomy":"product_tag","embeddable":true,"href":"https:\/\/nuriatorrente.com\/cat\/wp-json\/wp\/v2\/product_tag?post=13830"}],"curies":[{"name":"wp","href":"https:\/\/api.w.org\/{rel}","templated":true}]}}