{"id":14051,"date":"2023-01-30T10:36:47","date_gmt":"2023-01-30T08:36:47","guid":{"rendered":"https:\/\/nuriatorrente.com\/?post_type=product&#038;p=14051"},"modified":"2023-12-18T18:30:38","modified_gmt":"2023-12-18T16:30:38","slug":"estrellas","status":"publish","type":"product","link":"https:\/\/nuriatorrente.com\/cat\/shop\/estrellas\/","title":{"rendered":"Estrellas"},"content":{"rendered":"<p>Me gustan las estrellas (\u00bfa qui\u00e9n no?). Para m\u00ed significan luz en la oscuridad, ilusi\u00f3n, magia, sue\u00f1os, y muchas m\u00e1s cosas bonitas.<\/p>","protected":false},"excerpt":{"rendered":"<p>Pendientes realizados en plata de ley.<\/p>","protected":false},"featured_media":14052,"template":"","meta":{"_acf_changed":false,"_et_pb_use_builder":"","_et_pb_old_content":"","_et_gb_content_width":""},"product_brand":[],"product_cat":[127],"product_tag":[211],"class_list":{"0":"post-14051","1":"product","2":"type-product","3":"status-publish","4":"has-post-thumbnail","6":"product_cat-pendientes","7":"product_tag-estrellas","9":"first","10":"instock","11":"taxable","12":"shipping-taxable","13":"purchasable","14":"product-type-simple"},"acf":[],"yoast_head":"<!-- This site is optimized with the Yoast SEO plugin v27.1.1 - https:\/\/yoast.com\/product\/yoast-seo-wordpress\/ -->\n<title>Estrellas | Nutopia by Nuria Torrente<\/title>\n<meta name=\"robots\" content=\"index, follow, max-snippet:-1, max-image-preview:large, max-video-preview:-1\" \/>\n<link rel=\"canonical\" href=\"https:\/\/nuriatorrente.com\/cat\/shop\/estrellas\/\" \/>\n<meta property=\"og:locale\" content=\"ca_ES\" \/>\n<meta property=\"og:type\" content=\"article\" \/>\n<meta property=\"og:title\" content=\"Estrellas | Nutopia by Nuria Torrente\" \/>\n<meta property=\"og:description\" content=\"Pendientes realizados en plata de ley.\" \/>\n<meta property=\"og:url\" content=\"https:\/\/nuriatorrente.com\/cat\/shop\/estrellas\/\" \/>\n<meta property=\"og:site_name\" content=\"Nutopia by Nuria Torrente\" \/>\n<meta property=\"article:publisher\" content=\"https:\/\/www.facebook.com\/nutopiabynuriatorrente\/\" \/>\n<meta property=\"article:modified_time\" content=\"2023-12-18T16:30:38+00:00\" \/>\n<meta property=\"og:image\" content=\"https:\/\/nuriatorrente.com\/wp-content\/uploads\/2023\/01\/estrellas-by-nutopia.jpg\" \/>\n\t<meta property=\"og:image:width\" content=\"1620\" \/>\n\t<meta property=\"og:image:height\" content=\"1620\" \/>\n\t<meta property=\"og:image:type\" content=\"image\/jpeg\" \/>\n<meta name=\"twitter:card\" content=\"summary_large_image\" \/>\n<meta name=\"twitter:label1\" content=\"Temps estimat de lectura\" \/>\n\t<meta name=\"twitter:data1\" content=\"1 minut\" \/>\n<script type=\"application\/ld+json\" class=\"yoast-schema-graph\">{\"@context\":\"https:\/\/schema.org\",\"@graph\":[{\"@type\":\"WebPage\",\"@id\":\"https:\/\/nuriatorrente.com\/shop\/estrellas\/\",\"url\":\"https:\/\/nuriatorrente.com\/shop\/estrellas\/\",\"name\":\"Estrellas | Nutopia by Nuria Torrente\",\"isPartOf\":{\"@id\":\"https:\/\/nuriatorrente.com\/#website\"},\"primaryImageOfPage\":{\"@id\":\"https:\/\/nuriatorrente.com\/shop\/estrellas\/#primaryimage\"},\"image\":{\"@id\":\"https:\/\/nuriatorrente.com\/shop\/estrellas\/#primaryimage\"},\"thumbnailUrl\":\"https:\/\/nuriatorrente.com\/wp-content\/uploads\/2023\/01\/estrellas-by-nutopia.jpg\",\"datePublished\":\"2023-01-30T08:36:47+00:00\",\"dateModified\":\"2023-12-18T16:30:38+00:00\",\"breadcrumb\":{\"@id\":\"https:\/\/nuriatorrente.com\/shop\/estrellas\/#breadcrumb\"},\"inLanguage\":\"ca\",\"potentialAction\":[{\"@type\":\"ReadAction\",\"target\":[\"https:\/\/nuriatorrente.com\/shop\/estrellas\/\"]}]},{\"@type\":\"ImageObject\",\"inLanguage\":\"ca\",\"@id\":\"https:\/\/nuriatorrente.com\/shop\/estrellas\/#primaryimage\",\"url\":\"https:\/\/nuriatorrente.com\/wp-content\/uploads\/2023\/01\/estrellas-by-nutopia.jpg\",\"contentUrl\":\"https:\/\/nuriatorrente.com\/wp-content\/uploads\/2023\/01\/estrellas-by-nutopia.jpg\",\"width\":1620,\"height\":1620},{\"@type\":\"BreadcrumbList\",\"@id\":\"https:\/\/nuriatorrente.com\/shop\/estrellas\/#breadcrumb\",\"itemListElement\":[{\"@type\":\"ListItem\",\"position\":1,\"name\":\"Home\",\"item\":\"https:\/\/nuriatorrente.com\/\"},{\"@type\":\"ListItem\",\"position\":2,\"name\":\"Shop\",\"item\":\"https:\/\/nuriatorrente.com\/shop\/\"},{\"@type\":\"ListItem\",\"position\":3,\"name\":\"Estrellas\"}]},{\"@type\":\"WebSite\",\"@id\":\"https:\/\/nuriatorrente.com\/#website\",\"url\":\"https:\/\/nuriatorrente.com\/\",\"name\":\"Nutopia by Nuria Torrente\",\"description\":\"Joyer\u00eda en vidrio\",\"alternateName\":\"Nuria Torrente\",\"potentialAction\":[{\"@type\":\"SearchAction\",\"target\":{\"@type\":\"EntryPoint\",\"urlTemplate\":\"https:\/\/nuriatorrente.com\/?s={search_term_string}\"},\"query-input\":{\"@type\":\"PropertyValueSpecification\",\"valueRequired\":true,\"valueName\":\"search_term_string\"}}],\"inLanguage\":\"ca\"}]}<\/script>\n<!-- \/ Yoast SEO plugin. -->","yoast_head_json":{"title":"Estrellas | Nutopia by Nuria Torrente","robots":{"index":"index","follow":"follow","max-snippet":"max-snippet:-1","max-image-preview":"max-image-preview:large","max-video-preview":"max-video-preview:-1"},"canonical":"https:\/\/nuriatorrente.com\/cat\/shop\/estrellas\/","og_locale":"ca_ES","og_type":"article","og_title":"Estrellas | Nutopia by Nuria Torrente","og_description":"Pendientes realizados en plata de ley.","og_url":"https:\/\/nuriatorrente.com\/cat\/shop\/estrellas\/","og_site_name":"Nutopia by Nuria Torrente","article_publisher":"https:\/\/www.facebook.com\/nutopiabynuriatorrente\/","article_modified_time":"2023-12-18T16:30:38+00:00","og_image":[{"width":1620,"height":1620,"url":"https:\/\/nuriatorrente.com\/wp-content\/uploads\/2023\/01\/estrellas-by-nutopia.jpg","type":"image\/jpeg"}],"twitter_card":"summary_large_image","twitter_misc":{"Temps estimat de lectura":"1 minut"},"schema":{"@context":"https:\/\/schema.org","@graph":[{"@type":"WebPage","@id":"https:\/\/nuriatorrente.com\/shop\/estrellas\/","url":"https:\/\/nuriatorrente.com\/shop\/estrellas\/","name":"Estrellas | Nutopia by Nuria Torrente","isPartOf":{"@id":"https:\/\/nuriatorrente.com\/#website"},"primaryImageOfPage":{"@id":"https:\/\/nuriatorrente.com\/shop\/estrellas\/#primaryimage"},"image":{"@id":"https:\/\/nuriatorrente.com\/shop\/estrellas\/#primaryimage"},"thumbnailUrl":"https:\/\/nuriatorrente.com\/wp-content\/uploads\/2023\/01\/estrellas-by-nutopia.jpg","datePublished":"2023-01-30T08:36:47+00:00","dateModified":"2023-12-18T16:30:38+00:00","breadcrumb":{"@id":"https:\/\/nuriatorrente.com\/shop\/estrellas\/#breadcrumb"},"inLanguage":"ca","potentialAction":[{"@type":"ReadAction","target":["https:\/\/nuriatorrente.com\/shop\/estrellas\/"]}]},{"@type":"ImageObject","inLanguage":"ca","@id":"https:\/\/nuriatorrente.com\/shop\/estrellas\/#primaryimage","url":"https:\/\/nuriatorrente.com\/wp-content\/uploads\/2023\/01\/estrellas-by-nutopia.jpg","contentUrl":"https:\/\/nuriatorrente.com\/wp-content\/uploads\/2023\/01\/estrellas-by-nutopia.jpg","width":1620,"height":1620},{"@type":"BreadcrumbList","@id":"https:\/\/nuriatorrente.com\/shop\/estrellas\/#breadcrumb","itemListElement":[{"@type":"ListItem","position":1,"name":"Home","item":"https:\/\/nuriatorrente.com\/"},{"@type":"ListItem","position":2,"name":"Shop","item":"https:\/\/nuriatorrente.com\/shop\/"},{"@type":"ListItem","position":3,"name":"Estrellas"}]},{"@type":"WebSite","@id":"https:\/\/nuriatorrente.com\/#website","url":"https:\/\/nuriatorrente.com\/","name":"Nutopia by Nuria Torrente","description":"Joyer\u00eda en vidrio","alternateName":"Nuria Torrente","potentialAction":[{"@type":"SearchAction","target":{"@type":"EntryPoint","urlTemplate":"https:\/\/nuriatorrente.com\/?s={search_term_string}"},"query-input":{"@type":"PropertyValueSpecification","valueRequired":true,"valueName":"search_term_string"}}],"inLanguage":"ca"}]}},"_links":{"self":[{"href":"https:\/\/nuriatorrente.com\/cat\/wp-json\/wp\/v2\/product\/14051","targetHints":{"allow":["GET"]}}],"collection":[{"href":"https:\/\/nuriatorrente.com\/cat\/wp-json\/wp\/v2\/product"}],"about":[{"href":"https:\/\/nuriatorrente.com\/cat\/wp-json\/wp\/v2\/types\/product"}],"wp:featuredmedia":[{"embeddable":true,"href":"https:\/\/nuriatorrente.com\/cat\/wp-json\/wp\/v2\/media\/14052"}],"wp:attachment":[{"href":"https:\/\/nuriatorrente.com\/cat\/wp-json\/wp\/v2\/media?parent=14051"}],"wp:term":[{"taxonomy":"product_brand","embeddable":true,"href":"https:\/\/nuriatorrente.com\/cat\/wp-json\/wp\/v2\/product_brand?post=14051"},{"taxonomy":"product_cat","embeddable":true,"href":"https:\/\/nuriatorrente.com\/cat\/wp-json\/wp\/v2\/product_cat?post=14051"},{"taxonomy":"product_tag","embeddable":true,"href":"https:\/\/nuriatorrente.com\/cat\/wp-json\/wp\/v2\/product_tag?post=14051"}],"curies":[{"name":"wp","href":"https:\/\/api.w.org\/{rel}","templated":true}]}}