{"id":11825,"date":"2017-03-27T15:26:02","date_gmt":"2017-03-27T15:26:02","guid":{"rendered":"https:\/\/nuriatorrente.com\/?page_id=11825"},"modified":"2026-03-14T11:15:38","modified_gmt":"2026-03-14T10:15:38","slug":"home","status":"publish","type":"page","link":"https:\/\/nuriatorrente.com\/eng\/","title":{"rendered":"Inicio"},"content":{"rendered":"<p>[et_pb_section fb_built=\u00bb1&#8243; _builder_version=\u00bb4.27.2&#8243; _module_preset=\u00bbdefault\u00bb background_video_mp4=\u00bbhttps:\/\/nuriatorrente.com\/wp-content\/uploads\/2025\/04\/Nuria_torrente_web_.mp4&#8243; width=\u00bb100%\u00bb min_height=\u00bb193.3px\u00bb custom_margin=\u00bb||||false|false\u00bb custom_padding=\u00bb0px||0px||false|false\u00bb background_color_phone=\u00bb#689D9E\u00bb background_last_edited=\u00bbon|phone\u00bb background_enable_color_phone=\u00bbon\u00bb background_enable_video_mp4_phone=\u00bboff\u00bb global_colors_info=\u00bb{}\u00bb][et_pb_row disabled_on=\u00bboff|on|on\u00bb _builder_version=\u00bb4.27.2&#8243; _module_preset=\u00bbdefault\u00bb background_video_mp4=\u00bbhttps:\/\/nuriatorrente.com\/wp-content\/uploads\/2025\/06\/Nuria_torrente_web_.mp4&#8243; background_video_webm=\u00bbhttps:\/\/nuriatorrente.com\/wp-content\/uploads\/2025\/06\/Nuria_torrente_web_.webm\u00bb width=\u00bb100%\u00bb custom_margin=\u00bb||||false|true\u00bb custom_padding=\u00bb150px||150px||true|true\u00bb background_last_edited=\u00bbon|phone\u00bb background_enable_video_mp4_phone=\u00bbon\u00bb global_colors_info=\u00bb{}\u00bb][et_pb_column type=\u00bb4_4&#8243; _builder_version=\u00bb4.27.2&#8243; _module_preset=\u00bbdefault\u00bb background_video_height=\u00bb500px\u00bb global_colors_info=\u00bb{}\u00bb][\/et_pb_column][\/et_pb_row][et_pb_row _builder_version=\u00bb4.27.2&#8243; _module_preset=\u00bbdefault\u00bb custom_margin=\u00bb250px||||false|false\u00bb global_colors_info=\u00bb{}\u00bb][et_pb_column type=\u00bb4_4&#8243; _builder_version=\u00bb4.27.2&#8243; _module_preset=\u00bbdefault\u00bb global_colors_info=\u00bb{}\u00bb][et_pb_text _builder_version=\u00bb4.27.2&#8243; _module_preset=\u00bbdefault\u00bb text_text_color=\u00bb#FFFFFF\u00bb text_font_size=\u00bb18px\u00bb global_colors_info=\u00bb{}\u00bb]<\/p>\n<p style=\"text-align: center;\">Soy artesana y artista del vidrio.<br \/>En este espacio, el fuego, el color y la emoci\u00f3n se fusionan para dar vida a obras \u00fanicas.<br \/>Cada creaci\u00f3n es el resultado de una meticulosa labor artesanal,<br \/>destinada a transmitir historias y despertar sensaciones.<\/p>\n<p style=\"text-align: center;\">Adem\u00e1s te invito a sumergirte en Nutopia Land, un refugio creativo en el coraz\u00f3n de La Selva, en Massanes. <br \/>Aqu\u00ed, la naturaleza y la artesan\u00eda se entrelazan para ofrecerte experiencias \u00fanicas.<\/p>\n<p>[\/et_pb_text][\/et_pb_column][\/et_pb_row][et_pb_row column_structure=\u00bb1_5,1_5,1_5,1_5,1_5&#8243; custom_padding_last_edited=\u00bbon|phone\u00bb _builder_version=\u00bb4.27.2&#8243; _module_preset=\u00bbdefault\u00bb background_enable_video_mp4=\u00bboff\u00bb background_video_width=\u00bb100%\u00bb width=\u00bb100%\u00bb width_tablet=\u00bb100%\u00bb width_phone=\u00bb100%\u00bb width_last_edited=\u00bbon|phone\u00bb max_width=\u00bb100%\u00bb min_height=\u00bb600px\u00bb custom_margin=\u00bb0px||0px||true|false\u00bb custom_padding=\u00bb70px||||false|false\u00bb custom_padding_tablet=\u00bb0px||3px||false|false\u00bb custom_padding_phone=\u00bb0px||0px||true|false\u00bb global_colors_info=\u00bb{}\u00bb][et_pb_column type=\u00bb1_5&#8243; _builder_version=\u00bb4.27.2&#8243; _module_preset=\u00bbdefault\u00bb global_colors_info=\u00bb{}\u00bb][\/et_pb_column][et_pb_column type=\u00bb1_5&#8243; _builder_version=\u00bb4.20.0&#8243; _module_preset=\u00bbdefault\u00bb global_colors_info=\u00bb{}\u00bb][et_pb_button button_url=\u00bb\/art\/\u00bb button_text=\u00bbArt\u00bb button_alignment=\u00bbcenter\u00bb disabled_on=\u00bbon|off|off\u00bb _builder_version=\u00bb4.27.2&#8243; _module_preset=\u00bbdefault\u00bb button_text_color=\u00bb#FFFFFF\u00bb button_bg_color=\u00bbRGBA(255,255,255,0)\u00bb button_border_color=\u00bb#FFFFFF\u00bb button_icon_color=\u00bb#FFFFFF\u00bb custom_margin=\u00bb||||false|false\u00bb custom_padding=\u00bb10px|20px|10px|20px|true|true\u00bb global_colors_info=\u00bb{}\u00bb][\/et_pb_button][et_pb_button button_url=\u00bb\/art\/\u00bb button_text=\u00bbArt\u00bb button_alignment=\u00bbcenter\u00bb disabled_on=\u00bboff|on|on\u00bb _builder_version=\u00bb4.27.2&#8243; _module_preset=\u00bbdefault\u00bb button_text_color=\u00bb#FFFFFF\u00bb button_bg_color=\u00bbRGBA(255,255,255,0)\u00bb button_border_color=\u00bb#FFFFFF\u00bb button_use_icon=\u00bboff\u00bb custom_margin=\u00bb||0px||false|false\u00bb custom_padding=\u00bb10px|160px|10px|160px|true|true\u00bb button_bg_color_tablet=\u00bbRGBA(255,255,255,0)\u00bb button_bg_color_phone=\u00bbRGBA(255,255,255,0)\u00bb button_bg_color_last_edited=\u00bbon|phone\u00bb global_colors_info=\u00bb{}\u00bb][\/et_pb_button][\/et_pb_column][et_pb_column type=\u00bb1_5&#8243; _builder_version=\u00bb4.20.0&#8243; _module_preset=\u00bbdefault\u00bb global_colors_info=\u00bb{}\u00bb][et_pb_button button_url=\u00bb\/shop\u00bb button_text=\u00bbShop\u00bb button_alignment=\u00bbcenter\u00bb disabled_on=\u00bbon|off|off\u00bb admin_label=\u00bbBot\u00f3n\u00bb _builder_version=\u00bb4.27.2&#8243; _module_preset=\u00bbdefault\u00bb button_text_color=\u00bb#FFFFFF\u00bb button_bg_color=\u00bbRGBA(255,255,255,0)\u00bb button_border_color=\u00bb#FFFFFF\u00bb button_icon_color=\u00bb#FFFFFF\u00bb custom_margin=\u00bb0px||||false|false\u00bb global_colors_info=\u00bb{}\u00bb][\/et_pb_button][et_pb_button button_url=\u00bb\/shop\u00bb button_text=\u00bbShop\u00bb button_alignment=\u00bbcenter\u00bb disabled_on=\u00bboff|on|on\u00bb admin_label=\u00bbBot\u00f3n\u00bb _builder_version=\u00bb4.27.2&#8243; _module_preset=\u00bbdefault\u00bb button_text_color=\u00bb#FFFFFF\u00bb button_bg_color=\u00bbRGBA(255,255,255,0)\u00bb button_border_color=\u00bb#FFFFFF\u00bb button_use_icon=\u00bboff\u00bb custom_margin=\u00bb0px||0px||false|false\u00bb custom_padding=\u00bb10px|154px|10px|154px|true|true\u00bb global_colors_info=\u00bb{}\u00bb][\/et_pb_button][\/et_pb_column][et_pb_column type=\u00bb1_5&#8243; _builder_version=\u00bb4.20.0&#8243; _module_preset=\u00bbdefault\u00bb global_colors_info=\u00bb{}\u00bb][et_pb_button button_url=\u00bb\/nutopia-land\/\u00bb button_text=\u00bbExperiences\u00bb button_alignment=\u00bbcenter\u00bb disabled_on=\u00bbon|off|off\u00bb _builder_version=\u00bb4.27.2&#8243; _module_preset=\u00bbdefault\u00bb button_text_color=\u00bb#FFFFFF\u00bb button_bg_color=\u00bbRGBA(255,255,255,0)\u00bb button_border_color=\u00bb#FFFFFF\u00bb button_icon_color=\u00bb#FFFFFF\u00bb custom_margin=\u00bb0px||||false|false\u00bb global_colors_info=\u00bb{}\u00bb][\/et_pb_button][et_pb_button button_url=\u00bb\/nutopia-land\/\u00bb button_text=\u00bbExperiences\u00bb button_alignment=\u00bbcenter\u00bb disabled_on=\u00bboff|on|on\u00bb _builder_version=\u00bb4.27.2&#8243; _module_preset=\u00bbdefault\u00bb button_text_color=\u00bb#FFFFFF\u00bb button_bg_color=\u00bbRGBA(255,255,255,0)\u00bb button_border_color=\u00bb#FFFFFF\u00bb button_icon_color=\u00bb#FFFFFF\u00bb custom_margin=\u00bb0px||0px||false|false\u00bb custom_padding=\u00bb10px|122px|10px|122px|true|true\u00bb global_colors_info=\u00bb{}\u00bb][\/et_pb_button][\/et_pb_column][et_pb_column type=\u00bb1_5&#8243; _builder_version=\u00bb4.20.0&#8243; _module_preset=\u00bbdefault\u00bb global_colors_info=\u00bb{}\u00bb][\/et_pb_column][\/et_pb_row][\/et_pb_section]<\/p>\n","protected":false},"excerpt":{"rendered":"<p>Soy artesana y artista del vidrio.En este espacio, el fuego, el color y la emoci\u00f3n se fusionan para dar vida a obras \u00fanicas.Cada creaci\u00f3n es el resultado de una meticulosa labor artesanal,destinada a transmitir historias y despertar sensaciones. Adem\u00e1s te invito a sumergirte en Nutopia Land, un refugio creativo en el coraz\u00f3n de La Selva, en Massanes. Aqu\u00ed, la naturaleza y la artesan\u00eda se entrelazan para ofrecerte experiencias \u00fanicas.<\/p>","protected":false},"author":4,"featured_media":0,"parent":0,"menu_order":0,"comment_status":"closed","ping_status":"closed","template":"","meta":{"_acf_changed":false,"_et_pb_use_builder":"on","_et_pb_old_content":"[fusion_builder_container hundred_percent=\"no\" equal_height_columns=\"no\" menu_anchor=\"\" hide_on_mobile=\"small-visibility,medium-visibility,large-visibility\" class=\"\" id=\"\" background_color=\"\" background_image=\"\" background_position=\"center center\" background_repeat=\"no-repeat\" fade=\"no\" background_parallax=\"none\" parallax_speed=\"0.3\" video_mp4=\"\" video_webm=\"\" video_ogv=\"\" video_url=\"\" video_aspect_ratio=\"16:9\" video_loop=\"yes\" video_mute=\"yes\" overlay_color=\"\" video_preview_image=\"\" border_color=\"\" border_style=\"solid\" padding_top=\"\" padding_bottom=\"\" padding_left=\"\" padding_right=\"\" type=\"legacy\"][fusion_builder_row][fusion_builder_column type=\"1_3\" layout=\"1_1\" background_position=\"left top\" background_color=\"\" border_color=\"\" border_style=\"solid\" border_position=\"all\" spacing=\"yes\" background_image=\"\" background_repeat=\"no-repeat\" padding_top=\"\" padding_right=\"\" padding_bottom=\"\" padding_left=\"\" margin_top=\"0px\" margin_bottom=\"0px\" class=\"\" id=\"\" animation_type=\"\" animation_speed=\"0.3\" animation_direction=\"left\" hide_on_mobile=\"small-visibility,medium-visibility,large-visibility\" center_content=\"no\" last=\"false\" min_height=\"\" hover_type=\"none\" link=\"\" border_sizes_top=\"\" border_sizes_bottom=\"\" border_sizes_left=\"\" border_sizes_right=\"\" first=\"true\" spacing_right=\"2%\"][fusion_text columns=\"\" column_min_width=\"\" column_spacing=\"\" rule_style=\"\" rule_size=\"\" rule_color=\"\" hue=\"\" saturation=\"\" lightness=\"\" alpha=\"\" content_alignment_medium=\"\" content_alignment_small=\"\" content_alignment=\"\" hide_on_mobile=\"small-visibility,medium-visibility,large-visibility\" sticky_display=\"normal,sticky\" class=\"\" id=\"\" margin_top=\"\" margin_right=\"\" margin_bottom=\"\" margin_left=\"\" fusion_font_family_text_font=\"\" fusion_font_variant_text_font=\"\" font_size=\"\" line_height=\"\" letter_spacing=\"\" text_transform=\"\" text_color=\"\" animation_type=\"\" animation_direction=\"left\" animation_speed=\"0.3\" animation_offset=\"\"]\n\n<img class=\"alignnone wp-image-14061 size-full\" src=\"https:\/\/nuriatorrente.com\/wp-content\/uploads\/2023\/01\/dafne-by-nuria-torrente.jpg\" alt=\"\" width=\"1024\" height=\"1024\">\n\n[\/fusion_text][\/fusion_builder_column][fusion_builder_column type=\"1_3\" layout=\"1_1\" background_position=\"left top\" background_color=\"\" border_color=\"\" border_style=\"solid\" border_position=\"all\" spacing=\"yes\" background_image=\"\" background_repeat=\"no-repeat\" padding_top=\"\" padding_right=\"\" padding_bottom=\"\" padding_left=\"\" margin_top=\"0px\" margin_bottom=\"0px\" class=\"\" id=\"\" animation_type=\"\" animation_speed=\"0.3\" animation_direction=\"left\" hide_on_mobile=\"small-visibility,medium-visibility,large-visibility\" center_content=\"no\" last=\"false\" min_height=\"\" hover_type=\"none\" link=\"\" border_sizes_top=\"\" border_sizes_bottom=\"\" border_sizes_left=\"\" border_sizes_right=\"\" first=\"false\" spacing_right=\"2%\" spacing_left=\"2%\"][fusion_text columns=\"\" column_min_width=\"\" column_spacing=\"\" rule_style=\"\" rule_size=\"\" rule_color=\"\" hue=\"\" saturation=\"\" lightness=\"\" alpha=\"\" content_alignment_medium=\"\" content_alignment_small=\"\" content_alignment=\"\" hide_on_mobile=\"small-visibility,medium-visibility,large-visibility\" sticky_display=\"normal,sticky\" class=\"\" id=\"\" margin_top=\"\" margin_right=\"\" margin_bottom=\"\" margin_left=\"\" fusion_font_family_text_font=\"\" fusion_font_variant_text_font=\"\" font_size=\"\" line_height=\"\" letter_spacing=\"\" text_transform=\"\" text_color=\"\" animation_type=\"\" animation_direction=\"left\" animation_speed=\"0.3\" animation_offset=\"\"]\n\n<img class=\"alignnone wp-image-14063 size-large\" src=\"https:\/\/nuriatorrente.com\/wp-content\/uploads\/2023\/01\/anell-mediterrani-nuria-torrente-1024x1024.jpg\" alt=\"\" width=\"1024\" height=\"1024\">\n\n[\/fusion_text][\/fusion_builder_column][fusion_builder_column type=\"1_3\" layout=\"1_1\" background_position=\"left top\" background_color=\"\" border_color=\"\" border_style=\"solid\" border_position=\"all\" spacing=\"yes\" background_image=\"\" background_repeat=\"no-repeat\" padding_top=\"\" padding_right=\"\" padding_bottom=\"\" padding_left=\"\" margin_top=\"0px\" margin_bottom=\"0px\" class=\"\" id=\"\" animation_type=\"\" animation_speed=\"0.3\" animation_direction=\"left\" hide_on_mobile=\"small-visibility,medium-visibility,large-visibility\" center_content=\"no\" last=\"true\" min_height=\"\" hover_type=\"none\" link=\"\" border_sizes_top=\"\" border_sizes_bottom=\"\" border_sizes_left=\"\" border_sizes_right=\"\" first=\"false\" spacing_left=\"2%\"][fusion_text columns=\"\" column_min_width=\"\" column_spacing=\"\" rule_style=\"\" rule_size=\"\" rule_color=\"\" hue=\"\" saturation=\"\" lightness=\"\" alpha=\"\" content_alignment_medium=\"\" content_alignment_small=\"\" content_alignment=\"\" hide_on_mobile=\"small-visibility,medium-visibility,large-visibility\" sticky_display=\"normal,sticky\" class=\"\" id=\"\" margin_top=\"\" margin_right=\"\" margin_bottom=\"\" margin_left=\"\" fusion_font_family_text_font=\"\" fusion_font_variant_text_font=\"\" font_size=\"\" line_height=\"\" letter_spacing=\"\" text_transform=\"\" text_color=\"\" animation_type=\"\" animation_direction=\"left\" animation_speed=\"0.3\" animation_offset=\"\"]\n\n<img class=\"alignnone wp-image-13969 size-large\" src=\"https:\/\/nuriatorrente.com\/wp-content\/uploads\/2022\/11\/nutopialand-1024x1024.jpg\" alt=\"\" width=\"1024\" height=\"1024\">\n\n[\/fusion_text][\/fusion_builder_column][\/fusion_builder_row][\/fusion_builder_container]","_et_gb_content_width":"","footnotes":""},"class_list":["post-11825","page","type-page","status-publish","hentry"],"acf":[],"yoast_head":"<!-- This site is optimized with the Yoast SEO plugin v27.1.1 - https:\/\/yoast.com\/product\/yoast-seo-wordpress\/ -->\n<title>Inicio | Nutopia by Nuria Torrente<\/title>\n<meta name=\"robots\" content=\"index, follow, max-snippet:-1, max-image-preview:large, max-video-preview:-1\" \/>\n<link rel=\"canonical\" href=\"https:\/\/nuriatorrente.com\/eng\/\" \/>\n<meta property=\"og:locale\" content=\"en_GB\" \/>\n<meta property=\"og:type\" content=\"article\" \/>\n<meta property=\"og:title\" content=\"Inicio | Nutopia by Nuria Torrente\" \/>\n<meta property=\"og:description\" content=\"Soy artesana y artista del vidrio.En este espacio, el fuego, el color y la emoci\u00f3n se fusionan para dar vida a obras \u00fanicas.Cada creaci\u00f3n es el resultado de una meticulosa labor artesanal,destinada a transmitir historias y despertar sensaciones. Adem\u00e1s te invito a sumergirte en Nutopia Land, un refugio creativo en el coraz\u00f3n de La Selva, en Massanes. Aqu\u00ed, la naturaleza y la artesan\u00eda se entrelazan para ofrecerte experiencias \u00fanicas.\" \/>\n<meta property=\"og:url\" content=\"https:\/\/nuriatorrente.com\/eng\/\" \/>\n<meta property=\"og:site_name\" content=\"Nutopia by Nuria Torrente\" \/>\n<meta property=\"article:publisher\" content=\"https:\/\/www.facebook.com\/nutopiabynuriatorrente\/\" \/>\n<meta property=\"article:modified_time\" content=\"2026-03-14T10:15:38+00:00\" \/>\n<meta name=\"twitter:card\" content=\"summary_large_image\" \/>\n<meta name=\"twitter:label1\" content=\"Estimated reading time\" \/>\n\t<meta name=\"twitter:data1\" content=\"2 minutes\" \/>\n<script type=\"application\/ld+json\" class=\"yoast-schema-graph\">{\"@context\":\"https:\/\/schema.org\",\"@graph\":[{\"@type\":\"WebPage\",\"@id\":\"https:\/\/nuriatorrente.com\/\",\"url\":\"https:\/\/nuriatorrente.com\/\",\"name\":\"Inicio | Nutopia by Nuria Torrente\",\"isPartOf\":{\"@id\":\"https:\/\/nuriatorrente.com\/#website\"},\"datePublished\":\"2017-03-27T15:26:02+00:00\",\"dateModified\":\"2026-03-14T10:15:38+00:00\",\"breadcrumb\":{\"@id\":\"https:\/\/nuriatorrente.com\/#breadcrumb\"},\"inLanguage\":\"en-GB\",\"potentialAction\":[{\"@type\":\"ReadAction\",\"target\":[\"https:\/\/nuriatorrente.com\/\"]}]},{\"@type\":\"BreadcrumbList\",\"@id\":\"https:\/\/nuriatorrente.com\/#breadcrumb\",\"itemListElement\":[{\"@type\":\"ListItem\",\"position\":1,\"name\":\"Home\",\"item\":\"https:\/\/nuriatorrente.com\/\"},{\"@type\":\"ListItem\",\"position\":2,\"name\":\"Inicio\"}]},{\"@type\":\"WebSite\",\"@id\":\"https:\/\/nuriatorrente.com\/#website\",\"url\":\"https:\/\/nuriatorrente.com\/\",\"name\":\"Nutopia by Nuria Torrente\",\"description\":\"Joyer\u00eda en vidrio\",\"alternateName\":\"Nuria Torrente\",\"potentialAction\":[{\"@type\":\"SearchAction\",\"target\":{\"@type\":\"EntryPoint\",\"urlTemplate\":\"https:\/\/nuriatorrente.com\/?s={search_term_string}\"},\"query-input\":{\"@type\":\"PropertyValueSpecification\",\"valueRequired\":true,\"valueName\":\"search_term_string\"}}],\"inLanguage\":\"en-GB\"}]}<\/script>\n<!-- \/ Yoast SEO plugin. -->","yoast_head_json":{"title":"Inicio | Nutopia by Nuria Torrente","robots":{"index":"index","follow":"follow","max-snippet":"max-snippet:-1","max-image-preview":"max-image-preview:large","max-video-preview":"max-video-preview:-1"},"canonical":"https:\/\/nuriatorrente.com\/eng\/","og_locale":"en_GB","og_type":"article","og_title":"Inicio | Nutopia by Nuria Torrente","og_description":"Soy artesana y artista del vidrio.En este espacio, el fuego, el color y la emoci\u00f3n se fusionan para dar vida a obras \u00fanicas.Cada creaci\u00f3n es el resultado de una meticulosa labor artesanal,destinada a transmitir historias y despertar sensaciones. Adem\u00e1s te invito a sumergirte en Nutopia Land, un refugio creativo en el coraz\u00f3n de La Selva, en Massanes. Aqu\u00ed, la naturaleza y la artesan\u00eda se entrelazan para ofrecerte experiencias \u00fanicas.","og_url":"https:\/\/nuriatorrente.com\/eng\/","og_site_name":"Nutopia by Nuria Torrente","article_publisher":"https:\/\/www.facebook.com\/nutopiabynuriatorrente\/","article_modified_time":"2026-03-14T10:15:38+00:00","twitter_card":"summary_large_image","twitter_misc":{"Estimated reading time":"2 minutes"},"schema":{"@context":"https:\/\/schema.org","@graph":[{"@type":"WebPage","@id":"https:\/\/nuriatorrente.com\/","url":"https:\/\/nuriatorrente.com\/","name":"Inicio | Nutopia by Nuria Torrente","isPartOf":{"@id":"https:\/\/nuriatorrente.com\/#website"},"datePublished":"2017-03-27T15:26:02+00:00","dateModified":"2026-03-14T10:15:38+00:00","breadcrumb":{"@id":"https:\/\/nuriatorrente.com\/#breadcrumb"},"inLanguage":"en-GB","potentialAction":[{"@type":"ReadAction","target":["https:\/\/nuriatorrente.com\/"]}]},{"@type":"BreadcrumbList","@id":"https:\/\/nuriatorrente.com\/#breadcrumb","itemListElement":[{"@type":"ListItem","position":1,"name":"Home","item":"https:\/\/nuriatorrente.com\/"},{"@type":"ListItem","position":2,"name":"Inicio"}]},{"@type":"WebSite","@id":"https:\/\/nuriatorrente.com\/#website","url":"https:\/\/nuriatorrente.com\/","name":"Nutopia by Nuria Torrente","description":"Joyer\u00eda en vidrio","alternateName":"Nuria Torrente","potentialAction":[{"@type":"SearchAction","target":{"@type":"EntryPoint","urlTemplate":"https:\/\/nuriatorrente.com\/?s={search_term_string}"},"query-input":{"@type":"PropertyValueSpecification","valueRequired":true,"valueName":"search_term_string"}}],"inLanguage":"en-GB"}]}},"_links":{"self":[{"href":"https:\/\/nuriatorrente.com\/eng\/wp-json\/wp\/v2\/pages\/11825","targetHints":{"allow":["GET"]}}],"collection":[{"href":"https:\/\/nuriatorrente.com\/eng\/wp-json\/wp\/v2\/pages"}],"about":[{"href":"https:\/\/nuriatorrente.com\/eng\/wp-json\/wp\/v2\/types\/page"}],"author":[{"embeddable":true,"href":"https:\/\/nuriatorrente.com\/eng\/wp-json\/wp\/v2\/users\/4"}],"replies":[{"embeddable":true,"href":"https:\/\/nuriatorrente.com\/eng\/wp-json\/wp\/v2\/comments?post=11825"}],"version-history":[{"count":0,"href":"https:\/\/nuriatorrente.com\/eng\/wp-json\/wp\/v2\/pages\/11825\/revisions"}],"wp:attachment":[{"href":"https:\/\/nuriatorrente.com\/eng\/wp-json\/wp\/v2\/media?parent=11825"}],"curies":[{"name":"wp","href":"https:\/\/api.w.org\/{rel}","templated":true}]}}