{"id":13997,"date":"2022-12-02T11:20:53","date_gmt":"2022-12-02T09:20:53","guid":{"rendered":"https:\/\/nuriatorrente.com\/?page_id=13997"},"modified":"2025-10-28T09:11:17","modified_gmt":"2025-10-28T08:11:17","slug":"nutopia-land","status":"publish","type":"page","link":"https:\/\/nuriatorrente.com\/eng\/nutopia-land\/","title":{"rendered":"Nutopia Land"},"content":{"rendered":"<p>[et_pb_section fb_built=\u00bb1&#8243; admin_label=\u00bbSecci\u00f3n\u00bb _builder_version=\u00bb4.27.2&#8243; _module_preset=\u00bbdefault\u00bb custom_margin=\u00bb||||false|false\u00bb custom_padding=\u00bb||0px||false|false\u00bb locked=\u00bboff\u00bb global_colors_info=\u00bb{}\u00bb][et_pb_row column_structure=\u00bb1_2,1_2&#8243; admin_label=\u00bbFila superior Intro\u00bb module_id=\u00bbque\u00bb _builder_version=\u00bb4.27.2&#8243; _module_preset=\u00bbdefault\u00bb custom_margin=\u00bb30px||||false|false\u00bb custom_padding=\u00bb||0px|||\u00bb locked=\u00bboff\u00bb global_colors_info=\u00bb{}\u00bb][et_pb_column type=\u00bb1_2&#8243; admin_label=\u00bbColumna\u00bb _builder_version=\u00bb4.20.0&#8243; _module_preset=\u00bbdefault\u00bb global_colors_info=\u00bb{}\u00bb][et_pb_text admin_label=\u00bbTexto\u00bb _builder_version=\u00bb4.20.0&#8243; _module_preset=\u00bb4b470a30-ecc0-46af-9079-8a731007b36f\u00bb global_colors_info=\u00bb{}\u00bb]<\/p>\n<h3>EXPERIENCE<\/h3>\n<p>[\/et_pb_text][et_pb_text admin_label=\u00bbTexto\u00bb _builder_version=\u00bb4.19.5&#8243; _module_preset=\u00bb4b470a30-ecc0-46af-9079-8a731007b36f\u00bb max_width=\u00bb470px\u00bb global_colors_info=\u00bb{}\u00bb]<\/p>\n<h2><span style=\"font-family: inherit; font-weight: normal;\">\u00bfSab\u00edas que el arte puede ser terap\u00e9utico?<br \/><\/span><\/h2>\n<p>[\/et_pb_text][et_pb_text admin_label=\u00bbTexto\u00bb _builder_version=\u00bb4.27.2&#8243; _module_preset=\u00bbdefault\u00bb global_colors_info=\u00bb{}\u00bb]<\/p>\n<p>El poder meditativo de la artesan\u00eda, mientras trabajas con las manos, te genera un bienestar capaz de combatir el estr\u00e9s y la ansiedad. \u00bfY sab\u00edas que la naturaleza nos recarga de energ\u00eda?<\/p>\n<p>En Nutopia Land, te ofrezco una conexi\u00f3n con tu esencia creadora y con la naturaleza, donde podr\u00e1s realizar un bautismo de vidrio a la llama y crear tu primera pieza. O simplemente disfrutar viendo c\u00f3mo el vidrio se funde y toma forma gracias a tus sutiles movimientos y al poder transformador del fuego.<\/p>\n<p>Una experiencia \u00fanica y exclusiva en torno a la artesan\u00eda y la naturaleza, que puedes regalarte a ti mismo y a los dem\u00e1s. Si quieres saber m\u00e1s, escr\u00edbeme a<span style=\"font-size: large;\">\u00a0<a href=\"mailto:hola@nuriatorrente.com\">hola@nuriatorrente.com<\/a><\/span><\/p>\n<p>&nbsp;<\/p>\n<p>[\/et_pb_text][\/et_pb_column][et_pb_column type=\u00bb1_2&#8243; admin_label=\u00bbColumna\u00bb _builder_version=\u00bb4.20.0&#8243; _module_preset=\u00bbdefault\u00bb global_colors_info=\u00bb{}\u00bb][et_pb_image src=\u00bbhttps:\/\/nuriatorrente.com\/wp-content\/uploads\/2023\/11\/les-plantes-de-vidre-de-nutopia-land.jpg\u00bb title_text=\u00bbles plantes de vidre de nutopia land\u00bb admin_label=\u00bbImagen\u00bb _builder_version=\u00bb4.27.2&#8243; _module_preset=\u00bbdefault\u00bb height=\u00bb402px\u00bb custom_margin=\u00bb70px||||false|false\u00bb global_colors_info=\u00bb{}\u00bb][\/et_pb_image][\/et_pb_column][\/et_pb_row][et_pb_row column_structure=\u00bb1_3,1_3,1_3&#8243; admin_label=\u00bbFila productos\u00bb _builder_version=\u00bb4.27.4&#8243; _module_preset=\u00bbdefault\u00bb global_colors_info=\u00bb{}\u00bb][et_pb_column type=\u00bb1_3&#8243; admin_label=\u00bbColumna\u00bb _builder_version=\u00bb4.27.2&#8243; _module_preset=\u00bbdefault\u00bb global_colors_info=\u00bb{}\u00bb][et_pb_blurb title=\u00bbCrea y graba un vaso a partir de una botella\u00bb image=\u00bbhttps:\/\/nuriatorrente.com\/wp-content\/uploads\/2024\/10\/Gots-gravats-Nutopia-Experience.jpg\u00bb admin_label=\u00bbAnuncio\u00bb _builder_version=\u00bb4.27.2&#8243; _module_preset=\u00bbdefault\u00bb header_text_color=\u00bb#689D9E\u00bb global_colors_info=\u00bb{}\u00bb]<\/p>\n<p style=\"line-height: 18px;\">Aprenderemos a cortar una botellas de vidrio para convertirla en un vaso, un contenedor de l\u00e1pices, una peque\u00f1a maceta o lo que te apetezca. Puliremos los cantos y finalmente grabaremos un dibujo o un mensaje.<\/p>\n<p><strong>Precio de la experiencia:<\/strong> <span style=\"font-size: 21px; color: #689d9e;\">120\u20ac<\/span><br \/><em>(Incluye 2 personas durante 2 horas.)<\/em><\/p>\n<p>[\/et_pb_blurb][et_pb_button button_url=\u00bbhttps:\/\/nuriatorrente.com\/shop\/nutopia-land-experiences\/?opcion=opcion-1&#8243; button_text=\u00bbReservar Experiencia\u00bb _builder_version=\u00bb4.27.2&#8243; _module_preset=\u00bbdefault\u00bb custom_padding=\u00bb10px|20px|10px|20px|true|true\u00bb global_colors_info=\u00bb{}\u00bb][\/et_pb_button][et_pb_divider color=\u00bb#689D9E\u00bb _builder_version=\u00bb4.27.2&#8243; _module_preset=\u00bbdefault\u00bb global_colors_info=\u00bb{}\u00bb][\/et_pb_divider][et_pb_blurb title=\u00bbCrea un mosaico con vidrio\u00bb image=\u00bbhttps:\/\/nuriatorrente.com\/wp-content\/uploads\/2025\/07\/Bodegon-Rana-Gustavo-Mosaico-Nutopia-Land.jpg\u00bb admin_label=\u00bbAnuncio\u00bb _builder_version=\u00bb4.27.2&#8243; _module_preset=\u00bbdefault\u00bb header_text_color=\u00bb#689D9E\u00bb global_colors_info=\u00bb{}\u00bb]<\/p>\n<p style=\"line-height: 18px;\"><span>En este taller podr\u00e1s escoger entre diferentes dise\u00f1os para realizar tu propio mosaico con vidrios de colores. Tu composici\u00f3n, de 14\u00d714 cm, estar\u00e1 formada de peque\u00f1as teselas de vidrio ya cortadas, que ir\u00e1s colocando a modo de mosaico hasta conformar el dibujo escogido. Finalmente rellenar\u00e1s los espacios entre las piezas de vidrio con pasta para juntas o lechada. Es un ejercicio casi meditativo y muy gratificante.<\/span><\/p>\n<p><strong>Precio de la experiencia:<\/strong> <span style=\"font-size: 21px; color: #689d9e;\">120\u20ac<\/span><br \/><em>(Incluye 2 personas durante 2 horas.)<\/em><\/p>\n<p>[\/et_pb_blurb][et_pb_button button_url=\u00bbhttps:\/\/nuriatorrente.com\/shop\/nutopia-land-experiences\/?opcion=opcion-5&#8243; button_text=\u00bbReservar Experiencia\u00bb _builder_version=\u00bb4.27.2&#8243; _module_preset=\u00bbdefault\u00bb custom_padding=\u00bb10px|20px|10px|20px|true|true\u00bb global_colors_info=\u00bb{}\u00bb][\/et_pb_button][et_pb_divider color=\u00bb#689D9E\u00bb _builder_version=\u00bb4.27.2&#8243; _module_preset=\u00bbdefault\u00bb global_colors_info=\u00bb{}\u00bb][\/et_pb_divider][\/et_pb_column][et_pb_column type=\u00bb1_3&#8243; admin_label=\u00bbColumna\u00bb _builder_version=\u00bb4.27.2&#8243; _module_preset=\u00bbdefault\u00bb global_colors_info=\u00bb{}\u00bb][et_pb_blurb title=\u00bbRealiza una joya de vidrio al soplete\u00bb image=\u00bbhttps:\/\/nuriatorrente.com\/wp-content\/uploads\/2024\/10\/Joieria-en-vidre-Nutopia-Experience.jpg\u00bb _builder_version=\u00bb4.27.2&#8243; _module_preset=\u00bbdefault\u00bb header_text_color=\u00bb#689D9E\u00bb global_colors_info=\u00bb{}\u00bb]<\/p>\n<p style=\"line-height: 18px;\">En esta experiencia podr\u00e1s dar los primeros pasos delante de la llama del soplete y aprender las bases para realizar tus propias cuentas de vidrio, de diferentes formas y colores, que despu\u00e9s convertiremos en la joya que t\u00fa prefieras llevar.<\/p>\n<p><strong>Precio de la experiencia:<\/strong> <span style=\"font-size: 21px; color: #689d9e;\">120\u20ac<\/span><br \/>\n<em>(Incluye 2 personas durante 2 horas.)<\/em>[\/et_pb_blurb][et_pb_button button_url=\u00bbhttps:\/\/nuriatorrente.com\/shop\/nutopia-land-experiences\/?opcion=opcion-2&#8243; button_text=\u00bbRESERVAR EXPERIENCIA\u00bb _builder_version=\u00bb4.27.2&#8243; _module_preset=\u00bbdefault\u00bb custom_padding=\u00bb10px|20px|10px|20px|true|true\u00bb global_colors_info=\u00bb{}\u00bb][\/et_pb_button][et_pb_divider color=\u00bb#689D9E\u00bb _builder_version=\u00bb4.27.2&#8243; _module_preset=\u00bbdefault\u00bb global_colors_info=\u00bb{}\u00bb][\/et_pb_divider][et_pb_blurb title=\u00bbHaz tus decoraciones navide\u00f1as en vidrio\u00bb image=\u00bbhttps:\/\/nuriatorrente.com\/wp-content\/uploads\/2025\/07\/navidad-nutopia-land-v2.jpg\u00bb _builder_version=\u00bb4.27.2&#8243; _module_preset=\u00bbdefault\u00bb header_text_color=\u00bb#689D9E\u00bb custom_margin=\u00bb||36px|||\u00bb global_colors_info=\u00bb{}\u00bb]<\/p>\n<p style=\"line-height: 18px;\">En este taller podr\u00e1s realizar decoraciones navide\u00f1as para tu casa o para regalar durante la Navidad, utilizando la t\u00e9cnica <span style=\"font-size: small;\">art\u00edstica de la vitrofusi\u00f3n.<\/span><\/p>\n<p style=\"line-height: 18px;\"><span style=\"font-size: x-small;\">* En esta experiencia no podr\u00e1s llevarte el ejercicio al final del taller, ya que necesita horneado y es un proceso de muchas horas. Podr\u00e1s pasar a recogerlo dos d\u00edas despu\u00e9s. Si lo tienes complicado puedo envi\u00e1rtelo por Correos certificado (no incluido en el precio).<\/span><\/p>\n<p><strong>Precio de la experiencia:<\/strong> <span style=\"font-size: 21px; color: #689d9e;\">120\u20ac<\/span><br \/><em>(Incluye 2 personas durante 2 horas.)<\/em><\/p>\n<p>[\/et_pb_blurb][et_pb_button button_url=\u00bbhttps:\/\/nuriatorrente.com\/shop\/nutopia-land-experiences\/?opcion=opcion-6&#8243; button_text=\u00bbRESERVAR EXPERIENCIA\u00bb _builder_version=\u00bb4.27.2&#8243; _module_preset=\u00bbdefault\u00bb custom_padding=\u00bb10px|20px|10px|20px|true|true\u00bb global_colors_info=\u00bb{}\u00bb][\/et_pb_button][et_pb_divider color=\u00bb#689D9E\u00bb _builder_version=\u00bb4.27.2&#8243; _module_preset=\u00bbdefault\u00bb global_colors_info=\u00bb{}\u00bb][\/et_pb_divider][\/et_pb_column][et_pb_column type=\u00bb1_3&#8243; admin_label=\u00bbColumna\u00bb _builder_version=\u00bb4.27.2&#8243; _module_preset=\u00bbdefault\u00bb global_colors_info=\u00bb{}\u00bb][et_pb_blurb title=\u00bbHaz tu planta con vidrio reciclado\u00bb image=\u00bbhttps:\/\/nuriatorrente.com\/wp-content\/uploads\/2024\/10\/Plantes-de-vidre-Nutopia-Experience.jpg\u00bb admin_label=\u00bbAnuncio\u00bb _builder_version=\u00bb4.27.2&#8243; _module_preset=\u00bbdefault\u00bb header_text_color=\u00bb#689D9E\u00bb global_colors_info=\u00bb{}\u00bb]<\/p>\n<p style=\"line-height: 18px;\">Ven a mi taller y crearemos un bonito mundo vegetal con un vidrio que fue botella en vidas pasadas. Con mi soplete daremos forma a los trozos de vidrio de botella hasta convertirlos en plantas.<\/p>\n<p><strong>Precio de la experiencia:<\/strong> <span style=\"font-size: 21px; color: #689d9e;\">120\u20ac<\/span><br \/>\n<em>(Incluye 2 personas durante 2 horas.)<\/em>[\/et_pb_blurb][et_pb_button button_url=\u00bbhttps:\/\/nuriatorrente.com\/shop\/nutopia-land-experiences\/?opcion=opcion-3&#8243; button_text=\u00bbRESERVAR EXPERIENCIA\u00bb _builder_version=\u00bb4.27.2&#8243; _module_preset=\u00bbdefault\u00bb custom_padding=\u00bb10px|20px|10px|20px|true|true\u00bb global_colors_info=\u00bb{}\u00bb][\/et_pb_button][et_pb_divider color=\u00bb#689D9E\u00bb _builder_version=\u00bb4.27.2&#8243; _module_preset=\u00bbdefault\u00bb global_colors_info=\u00bb{}\u00bb][\/et_pb_divider][et_pb_blurb title=\u00bbCrea una peque\u00f1a obra de Pixel Art en vidrio\u00bb image=\u00bbhttps:\/\/nuriatorrente.com\/wp-content\/uploads\/2024\/12\/pixel-art-by-nutopia.jpg\u00bb _builder_version=\u00bb4.27.2&#8243; _module_preset=\u00bbdefault\u00bb header_text_color=\u00bb#689D9E\u00bb global_colors_info=\u00bb{}\u00bb]<\/p>\n<p style=\"line-height: 18px;\">En este taller podr\u00e1s escoger entre diferentes dise\u00f1os para realizar tu propia obra de pixel art, mediante la t\u00e9cnica de la vitrofusi\u00f3n. Tu composici\u00f3n, de 10&#215;10 cms, estar\u00e1 formada de peque\u00f1as teselas de vidrio ya cortadas, que ir\u00e1s colocando a modo de mosaico hasta conformar el dibujo escogido.\u00a0<\/p>\n<p style=\"font-size: 10px; line-height: 12px;\">* En esta experiencia no podr\u00e1s llevarte el ejercicio al final del taller, ya que necesita horneado y es un proceso de muchas horas. Podr\u00e1s pasar a recogerlo dos d\u00edas despu\u00e9s. Si lo tienes complicado puedo envi\u00e1rtelo por Correos certificado (no incluido en el precio).<\/p>\n<p><strong>Precio de la experiencia:<\/strong> <span style=\"font-size: 21px; color: #689d9e;\">120\u20ac<\/span><br \/><em>(Incluye 2 personas durante 2 horas.)<\/em><\/p>\n<p>[\/et_pb_blurb][et_pb_button button_url=\u00bbhttps:\/\/nuriatorrente.com\/shop\/nutopia-land-experiences\/?opcion=opcion-4&#8243; button_text=\u00bbRESERVAR EXPERIENCIA\u00bb _builder_version=\u00bb4.27.2&#8243; _module_preset=\u00bbdefault\u00bb custom_padding=\u00bb10px|20px|10px|20px|true|true\u00bb global_colors_info=\u00bb{}\u00bb][\/et_pb_button][et_pb_divider color=\u00bb#689D9E\u00bb _builder_version=\u00bb4.27.2&#8243; _module_preset=\u00bbdefault\u00bb global_colors_info=\u00bb{}\u00bb][\/et_pb_divider][\/et_pb_column][\/et_pb_row][\/et_pb_section][et_pb_section fb_built=\u00bb1&#8243; fullwidth=\u00bbon\u00bb _builder_version=\u00bb4.27.2&#8243; _module_preset=\u00bbdefault\u00bb global_colors_info=\u00bb{}\u00bb][et_pb_fullwidth_image src=\u00bbhttps:\/\/nuriatorrente.com\/wp-content\/uploads\/2023\/12\/el-cel-de-nutopia-scaled.jpeg\u00bb title_text=\u00bbel cel de nutopia\u00bb _builder_version=\u00bb4.27.2&#8243; _module_preset=\u00bbdefault\u00bb global_colors_info=\u00bb{}\u00bb][\/et_pb_fullwidth_image][\/et_pb_section]<\/p>\n","protected":false},"excerpt":{"rendered":"<p>EXPERIENCE\u00bfSab\u00edas que el arte puede ser terap\u00e9utico?El poder meditativo de la artesan\u00eda, mientras trabajas con las manos, te genera un bienestar capaz de combatir el estr\u00e9s y la ansiedad. \u00bfY sab\u00edas que la naturaleza nos recarga de energ\u00eda? En Nutopia Land, te ofrezco una conexi\u00f3n con tu esencia creadora y con la naturaleza, donde podr\u00e1s realizar un bautismo de vidrio a la llama y crear tu primera pieza. O simplemente disfrutar viendo c\u00f3mo el vidrio se funde y toma forma gracias a tus sutiles movimientos y al poder transformador del fuego. Una experiencia \u00fanica y exclusiva en torno a la artesan\u00eda y la naturaleza, que puedes regalarte a ti mismo y a los dem\u00e1s. Si quieres saber m\u00e1s, escr\u00edbeme a\u00a0hola@nuriatorrente.com &nbsp;Aprenderemos a cortar una botellas de vidrio para convertirla en un vaso, un contenedor de l\u00e1pices, una peque\u00f1a maceta o lo que te apetezca. Puliremos los cantos y finalmente grabaremos un dibujo o un mensaje. Precio de la experiencia: 120\u20ac(Incluye 2 personas durante 2 horas.)En este taller podr\u00e1s escoger entre diferentes dise\u00f1os para realizar tu propio mosaico con vidrios de colores. Tu composici\u00f3n, de 14\u00d714 cm, estar\u00e1 formada de peque\u00f1as teselas de vidrio ya cortadas, que ir\u00e1s colocando a modo [&hellip;]<\/p>\n","protected":false},"author":1,"featured_media":0,"parent":0,"menu_order":0,"comment_status":"closed","ping_status":"closed","template":"","meta":{"_acf_changed":false,"_et_pb_use_builder":"on","_et_pb_old_content":"<h1 style=\"text-align: center;\">EN CONSTRUCCI\u00d3 \/ EN CONSTRUCCI\u00d3N \/ UNDER CONSTRUCTION<\/h1>\r\n<img class=\"wp-image-13998 size-large aligncenter\" src=\"https:\/\/nuriatorrente.com\/wp-content\/uploads\/2022\/12\/Nutopia-Land-is-here-1024x633.jpg\" alt=\"\" width=\"1024\" height=\"633\" \/>","_et_gb_content_width":"","footnotes":""},"class_list":["post-13997","page","type-page","status-publish","hentry"],"acf":[],"yoast_head":"<!-- This site is optimized with the Yoast SEO plugin v27.1.1 - https:\/\/yoast.com\/product\/yoast-seo-wordpress\/ -->\n<title>Nutopia Land | Nutopia by Nuria Torrente<\/title>\n<meta name=\"robots\" content=\"index, follow, max-snippet:-1, max-image-preview:large, max-video-preview:-1\" \/>\n<link rel=\"canonical\" href=\"https:\/\/nuriatorrente.com\/eng\/nutopia-land\/\" \/>\n<meta property=\"og:locale\" content=\"en_GB\" \/>\n<meta property=\"og:type\" content=\"article\" \/>\n<meta property=\"og:title\" content=\"Nutopia Land | Nutopia by Nuria Torrente\" \/>\n<meta property=\"og:description\" content=\"EXPERIENCE\u00bfSab\u00edas que el arte puede ser terap\u00e9utico?El poder meditativo de la artesan\u00eda, mientras trabajas con las manos, te genera un bienestar capaz de combatir el estr\u00e9s y la ansiedad. \u00bfY sab\u00edas que la naturaleza nos recarga de energ\u00eda? En Nutopia Land, te ofrezco una conexi\u00f3n con tu esencia creadora y con la naturaleza, donde podr\u00e1s realizar un bautismo de vidrio a la llama y crear tu primera pieza. O simplemente disfrutar viendo c\u00f3mo el vidrio se funde y toma forma gracias a tus sutiles movimientos y al poder transformador del fuego. Una experiencia \u00fanica y exclusiva en torno a la artesan\u00eda y la naturaleza, que puedes regalarte a ti mismo y a los dem\u00e1s. Si quieres saber m\u00e1s, escr\u00edbeme a\u00a0hola@nuriatorrente.com &nbsp;Aprenderemos a cortar una botellas de vidrio para convertirla en un vaso, un contenedor de l\u00e1pices, una peque\u00f1a maceta o lo que te apetezca. Puliremos los cantos y finalmente grabaremos un dibujo o un mensaje. Precio de la experiencia: 120\u20ac(Incluye 2 personas durante 2 horas.)En este taller podr\u00e1s escoger entre diferentes dise\u00f1os para realizar tu propio mosaico con vidrios de colores. Tu composici\u00f3n, de 14\u00d714 cm, estar\u00e1 formada de peque\u00f1as teselas de vidrio ya cortadas, que ir\u00e1s colocando a modo [&hellip;]\" \/>\n<meta property=\"og:url\" content=\"https:\/\/nuriatorrente.com\/eng\/nutopia-land\/\" \/>\n<meta property=\"og:site_name\" content=\"Nutopia by Nuria Torrente\" \/>\n<meta property=\"article:publisher\" content=\"https:\/\/www.facebook.com\/nutopiabynuriatorrente\/\" \/>\n<meta property=\"article:modified_time\" content=\"2025-10-28T08:11:17+00:00\" \/>\n<meta name=\"twitter:card\" content=\"summary_large_image\" \/>\n<meta name=\"twitter:label1\" content=\"Estimated reading time\" \/>\n\t<meta name=\"twitter:data1\" content=\"1 minute\" \/>\n<script type=\"application\/ld+json\" class=\"yoast-schema-graph\">{\"@context\":\"https:\/\/schema.org\",\"@graph\":[{\"@type\":\"WebPage\",\"@id\":\"https:\/\/nuriatorrente.com\/nutopia-land\/\",\"url\":\"https:\/\/nuriatorrente.com\/nutopia-land\/\",\"name\":\"Nutopia Land | Nutopia by Nuria Torrente\",\"isPartOf\":{\"@id\":\"https:\/\/nuriatorrente.com\/#website\"},\"datePublished\":\"2022-12-02T09:20:53+00:00\",\"dateModified\":\"2025-10-28T08:11:17+00:00\",\"breadcrumb\":{\"@id\":\"https:\/\/nuriatorrente.com\/nutopia-land\/#breadcrumb\"},\"inLanguage\":\"en-GB\",\"potentialAction\":[{\"@type\":\"ReadAction\",\"target\":[\"https:\/\/nuriatorrente.com\/nutopia-land\/\"]}]},{\"@type\":\"BreadcrumbList\",\"@id\":\"https:\/\/nuriatorrente.com\/nutopia-land\/#breadcrumb\",\"itemListElement\":[{\"@type\":\"ListItem\",\"position\":1,\"name\":\"Home\",\"item\":\"https:\/\/nuriatorrente.com\/\"},{\"@type\":\"ListItem\",\"position\":2,\"name\":\"Nutopia Land\"}]},{\"@type\":\"WebSite\",\"@id\":\"https:\/\/nuriatorrente.com\/#website\",\"url\":\"https:\/\/nuriatorrente.com\/\",\"name\":\"Nutopia by Nuria Torrente\",\"description\":\"Joyer\u00eda en vidrio\",\"alternateName\":\"Nuria Torrente\",\"potentialAction\":[{\"@type\":\"SearchAction\",\"target\":{\"@type\":\"EntryPoint\",\"urlTemplate\":\"https:\/\/nuriatorrente.com\/?s={search_term_string}\"},\"query-input\":{\"@type\":\"PropertyValueSpecification\",\"valueRequired\":true,\"valueName\":\"search_term_string\"}}],\"inLanguage\":\"en-GB\"}]}<\/script>\n<!-- \/ Yoast SEO plugin. -->","yoast_head_json":{"title":"Nutopia Land | Nutopia by Nuria Torrente","robots":{"index":"index","follow":"follow","max-snippet":"max-snippet:-1","max-image-preview":"max-image-preview:large","max-video-preview":"max-video-preview:-1"},"canonical":"https:\/\/nuriatorrente.com\/eng\/nutopia-land\/","og_locale":"en_GB","og_type":"article","og_title":"Nutopia Land | Nutopia by Nuria Torrente","og_description":"EXPERIENCE\u00bfSab\u00edas que el arte puede ser terap\u00e9utico?El poder meditativo de la artesan\u00eda, mientras trabajas con las manos, te genera un bienestar capaz de combatir el estr\u00e9s y la ansiedad. \u00bfY sab\u00edas que la naturaleza nos recarga de energ\u00eda? En Nutopia Land, te ofrezco una conexi\u00f3n con tu esencia creadora y con la naturaleza, donde podr\u00e1s realizar un bautismo de vidrio a la llama y crear tu primera pieza. O simplemente disfrutar viendo c\u00f3mo el vidrio se funde y toma forma gracias a tus sutiles movimientos y al poder transformador del fuego. Una experiencia \u00fanica y exclusiva en torno a la artesan\u00eda y la naturaleza, que puedes regalarte a ti mismo y a los dem\u00e1s. Si quieres saber m\u00e1s, escr\u00edbeme a\u00a0hola@nuriatorrente.com &nbsp;Aprenderemos a cortar una botellas de vidrio para convertirla en un vaso, un contenedor de l\u00e1pices, una peque\u00f1a maceta o lo que te apetezca. Puliremos los cantos y finalmente grabaremos un dibujo o un mensaje. Precio de la experiencia: 120\u20ac(Incluye 2 personas durante 2 horas.)En este taller podr\u00e1s escoger entre diferentes dise\u00f1os para realizar tu propio mosaico con vidrios de colores. Tu composici\u00f3n, de 14\u00d714 cm, estar\u00e1 formada de peque\u00f1as teselas de vidrio ya cortadas, que ir\u00e1s colocando a modo [&hellip;]","og_url":"https:\/\/nuriatorrente.com\/eng\/nutopia-land\/","og_site_name":"Nutopia by Nuria Torrente","article_publisher":"https:\/\/www.facebook.com\/nutopiabynuriatorrente\/","article_modified_time":"2025-10-28T08:11:17+00:00","twitter_card":"summary_large_image","twitter_misc":{"Estimated reading time":"1 minute"},"schema":{"@context":"https:\/\/schema.org","@graph":[{"@type":"WebPage","@id":"https:\/\/nuriatorrente.com\/nutopia-land\/","url":"https:\/\/nuriatorrente.com\/nutopia-land\/","name":"Nutopia Land | Nutopia by Nuria Torrente","isPartOf":{"@id":"https:\/\/nuriatorrente.com\/#website"},"datePublished":"2022-12-02T09:20:53+00:00","dateModified":"2025-10-28T08:11:17+00:00","breadcrumb":{"@id":"https:\/\/nuriatorrente.com\/nutopia-land\/#breadcrumb"},"inLanguage":"en-GB","potentialAction":[{"@type":"ReadAction","target":["https:\/\/nuriatorrente.com\/nutopia-land\/"]}]},{"@type":"BreadcrumbList","@id":"https:\/\/nuriatorrente.com\/nutopia-land\/#breadcrumb","itemListElement":[{"@type":"ListItem","position":1,"name":"Home","item":"https:\/\/nuriatorrente.com\/"},{"@type":"ListItem","position":2,"name":"Nutopia Land"}]},{"@type":"WebSite","@id":"https:\/\/nuriatorrente.com\/#website","url":"https:\/\/nuriatorrente.com\/","name":"Nutopia by Nuria Torrente","description":"Joyer\u00eda en vidrio","alternateName":"Nuria Torrente","potentialAction":[{"@type":"SearchAction","target":{"@type":"EntryPoint","urlTemplate":"https:\/\/nuriatorrente.com\/?s={search_term_string}"},"query-input":{"@type":"PropertyValueSpecification","valueRequired":true,"valueName":"search_term_string"}}],"inLanguage":"en-GB"}]}},"_links":{"self":[{"href":"https:\/\/nuriatorrente.com\/eng\/wp-json\/wp\/v2\/pages\/13997","targetHints":{"allow":["GET"]}}],"collection":[{"href":"https:\/\/nuriatorrente.com\/eng\/wp-json\/wp\/v2\/pages"}],"about":[{"href":"https:\/\/nuriatorrente.com\/eng\/wp-json\/wp\/v2\/types\/page"}],"author":[{"embeddable":true,"href":"https:\/\/nuriatorrente.com\/eng\/wp-json\/wp\/v2\/users\/1"}],"replies":[{"embeddable":true,"href":"https:\/\/nuriatorrente.com\/eng\/wp-json\/wp\/v2\/comments?post=13997"}],"version-history":[{"count":0,"href":"https:\/\/nuriatorrente.com\/eng\/wp-json\/wp\/v2\/pages\/13997\/revisions"}],"wp:attachment":[{"href":"https:\/\/nuriatorrente.com\/eng\/wp-json\/wp\/v2\/media?parent=13997"}],"curies":[{"name":"wp","href":"https:\/\/api.w.org\/{rel}","templated":true}]}}