{"id":15800,"date":"2025-07-29T12:23:52","date_gmt":"2025-07-29T10:23:52","guid":{"rendered":"https:\/\/nuriatorrente.com\/?page_id=15800"},"modified":"2026-01-26T13:46:34","modified_gmt":"2026-01-26T12:46:34","slug":"about","status":"publish","type":"page","link":"https:\/\/nuriatorrente.com\/eng\/about\/","title":{"rendered":"About"},"content":{"rendered":"<p>[et_pb_section fb_built=\u00bb1&#8243; _builder_version=\u00bb4.27.4&#8243; _module_preset=\u00bbdefault\u00bb custom_padding=\u00bb||4px|||\u00bb global_colors_info=\u00bb{}\u00bb][et_pb_row column_structure=\u00bb1_3,1_3,1_3&#8243; _builder_version=\u00bb4.27.4&#8243; _module_preset=\u00bbdefault\u00bb custom_margin=\u00bb20px||||false|false\u00bb global_colors_info=\u00bb{}\u00bb][et_pb_column type=\u00bb1_3&#8243; _builder_version=\u00bb4.27.4&#8243; _module_preset=\u00bbdefault\u00bb global_colors_info=\u00bb{}\u00bb][et_pb_image src=\u00bbhttps:\/\/nuriatorrente.com\/wp-content\/uploads\/2024\/10\/Nuria-Torrente-Nutopia.jpg\u00bb title_text=\u00bbNuria Torrente Nutopia\u00bb _builder_version=\u00bb4.27.4&#8243; _module_preset=\u00bbdefault\u00bb box_shadow_style=\u00bbpreset2&#8243; global_colors_info=\u00bb{}\u00bb][\/et_pb_image][dsm_text_notation notation_text=\u00bbN\u00faria Torrente\u00bb _builder_version=\u00bb4.27.4&#8243; _module_preset=\u00bbdefault\u00bb text_orientation=\u00bbcenter\u00bb custom_css_main_element=\u00bbdisplay: inline-block;||position: relative;\u00bb custom_css_after=\u00bbleft: 50% !important;||  transform: translateX(-50%) !important;\u00bb global_colors_info=\u00bb{}\u00bb][\/dsm_text_notation][et_pb_text _builder_version=\u00bb4.27.4&#8243; _module_preset=\u00bbdefault\u00bb global_colors_info=\u00bb{}\u00bb]<\/p>\n<p>Barcelona, 1973.<\/p>\n<p>Licenciada en Historia del Arte por la Universidad de Barcelona (2000). Formada en la Fundaci\u00f3 Centre del Vidre de Barcelona en los cursos de Restauraci\u00f3n, Creaci\u00f3n de vidrieras y Dise\u00f1o para la Arquitectura (1998).<\/p>\n<p>Desde un principio centr\u00e9 mi atenci\u00f3n en la joyer\u00eda y en el peque\u00f1o formato. Siempre me ha gustado la idea de dotar a mi obra con un significado emocional. As\u00ed que si el vidrio ha sido siempre mi lenguaje, la joyer\u00eda es la voz perfecta para llevar conmigo esas peque\u00f1as joyas artesanales que contienen en su interior recuerdos o conceptos importantes para m\u00ed. A veces incluso de manera literal, ya que muchas de mis joyas de vidrio llevan arena, fotograf\u00edas, textos\u2026<\/p>\n<p>Esa manera de entender mi obra me llev\u00f3 a especializarme en las joyas de vidrio personalizadas. Para m\u00ed es importante que quien adquiera mis piezas sienta esa conexi\u00f3n con el objeto, que desde un principio ya se concibe como una joya especial, que ser\u00e1 materializada siguiendo ese precepto de exclusividad, de una manera artesanal y \u00fanica.<\/p>\n<p>[\/et_pb_text][\/et_pb_column][et_pb_column type=\u00bb1_3&#8243; _builder_version=\u00bb4.27.4&#8243; _module_preset=\u00bbdefault\u00bb global_colors_info=\u00bb{}\u00bb][et_pb_image src=\u00bbhttps:\/\/nuriatorrente.com\/wp-content\/uploads\/2026\/01\/David-Hierro-ACAV.jpg\u00bb title_text=\u00bbDavid Hierro ACAV\u00bb _builder_version=\u00bb4.27.5&#8243; _module_preset=\u00bbdefault\u00bb hover_enabled=\u00bb0&#8243; global_colors_info=\u00bb{}\u00bb sticky_enabled=\u00bb0&#8243;][\/et_pb_image][dsm_text_notation notation_text=\u00bbDavid Hierro\u00bb _builder_version=\u00bb4.27.4&#8243; _module_preset=\u00bbdefault\u00bb global_colors_info=\u00bb{}\u00bb][\/dsm_text_notation][et_pb_text _builder_version=\u00bb4.27.4&#8243; _module_preset=\u00bbdefault\u00bb global_colors_info=\u00bb{}\u00bb]<\/p>\n<p>Barcelona, 1967.<\/p>\n<p>Me muevo profesionalmente dentro del mundo del vidrio desde el a\u00f1o 1994, cuando empec\u00e9 como secretario de direcci\u00f3n en la Fundaci\u00f3 Centre del Vidre de Barcelona. Fui uno de los miembros fundadores de la Associaci\u00f3 Catalana de les Arts del Vidre, y estuve en su directiva, adem\u00e1s de ser su gestor. Desde 2006 gestiono administrativamente uno de mis proyectos vitales, Nutop\u00eda by Nuria Torrente, un estudio de joyer\u00eda en vidrio capitaneado por Nuria Torrente.<\/p>\n<p>He sido el gestor de la Federaci\u00f3 d\u2019Associacions d\u2019Artesans d\u2019Ofici de Catalunya. He llevado la producci\u00f3n de la Mostra Internacional d\u2019Audiovisuals d\u2019Artesania organizada por el Consorci de Comer\u00e7, Artesania i Moda.<\/p>\n<p>Los \u00faltimos a\u00f1os, he alternado mis trabajos de gesti\u00f3n dentro del sector artesano con la producci\u00f3n audiovisual, la reparaci\u00f3n de barcas neum\u00e1ticas y el pulido de esculturas de gran formato.<\/p>\n<p>[\/et_pb_text][\/et_pb_column][et_pb_column type=\u00bb1_3&#8243; _builder_version=\u00bb4.27.4&#8243; _module_preset=\u00bbdefault\u00bb global_colors_info=\u00bb{}\u00bb][et_pb_image src=\u00bbhttps:\/\/nuriatorrente.com\/wp-content\/uploads\/2026\/01\/Quim-web-Nutopia-v2.jpg\u00bb title_text=\u00bbQuim web Nutopia v2&#8243; _builder_version=\u00bb4.27.5&#8243; _module_preset=\u00bbdefault\u00bb hover_enabled=\u00bb0&#8243; global_colors_info=\u00bb{}\u00bb sticky_enabled=\u00bb0&#8243;][\/et_pb_image][dsm_text_notation notation_text=\u00bbQuim Hierro\u00bb _builder_version=\u00bb4.27.4&#8243; _module_preset=\u00bbdefault\u00bb global_colors_info=\u00bb{}\u00bb][\/dsm_text_notation][et_pb_text _builder_version=\u00bb4.27.4&#8243; _module_preset=\u00bbdefault\u00bb global_colors_info=\u00bb{}\u00bb]<\/p>\n<p>Barcelona, 2001.<\/p>\n<p>Nuestro querido becario. Traduce textos a tres idiomas, catal\u00e1n, castellano e ingl\u00e9s. Ha hecho m\u00e1s de un \u00abvoice over\u00ab.<\/p>\n<p>Se encarga de la realizaci\u00f3n y edici\u00f3n de algunos de los \u00faltimos audiovisuales de Nutopia by Nuria Torrente (Premis FIDEM by Nuria Torrente, Making of regalo corporativo o C\u00f3mo hago un colgante Mediterr\u00e1neo). Ha empezado a hacernos fotograf\u00edas para ilustrar nuestro nuevo proyecto: Nutopia Land.<\/p>\n<p>Genera im\u00e1genes en colaboraci\u00f3n con una IA.<\/p>\n<p>Tambi\u00e9n nos cocina.<\/p>\n<p>[\/et_pb_text][\/et_pb_column][\/et_pb_row][et_pb_row column_structure=\u00bb1_3,1_3,1_3&#8243; _builder_version=\u00bb4.27.4&#8243; _module_preset=\u00bbdefault\u00bb global_colors_info=\u00bb{}\u00bb][et_pb_column type=\u00bb1_3&#8243; _builder_version=\u00bb4.27.4&#8243; _module_preset=\u00bbdefault\u00bb global_colors_info=\u00bb{}\u00bb][et_pb_image src=\u00bbhttps:\/\/nuriatorrente.com\/wp-content\/uploads\/2025\/06\/Nolan-400.jpg\u00bb title_text=\u00bbNolan\u00bb _builder_version=\u00bb4.27.4&#8243; _module_preset=\u00bbdefault\u00bb global_colors_info=\u00bb{}\u00bb][\/et_pb_image][dsm_text_notation notation_text=\u00bbNolan\u00bb _builder_version=\u00bb4.27.4&#8243; _module_preset=\u00bbdefault\u00bb text_orientation=\u00bbcenter\u00bb custom_css_main_element=\u00bbdisplay: inline-block;||position: relative;\u00bb custom_css_after=\u00bbleft: 50% !important;||  transform: translateX(-50%) !important;\u00bb global_colors_info=\u00bb{}\u00bb][\/dsm_text_notation][\/et_pb_column][et_pb_column type=\u00bb1_3&#8243; _builder_version=\u00bb4.27.4&#8243; _module_preset=\u00bbdefault\u00bb global_colors_info=\u00bb{}\u00bb][et_pb_image src=\u00bbhttps:\/\/nuriatorrente.com\/wp-content\/uploads\/2023\/10\/ellie-web.jpg\u00bb title_text=\u00bbellie web\u00bb _builder_version=\u00bb4.27.4&#8243; _module_preset=\u00bbdefault\u00bb global_colors_info=\u00bb{}\u00bb][\/et_pb_image][dsm_text_notation notation_text=\u00bbEllie\u00bb _builder_version=\u00bb4.27.4&#8243; _module_preset=\u00bbdefault\u00bb text_orientation=\u00bbcenter\u00bb custom_css_main_element=\u00bbdisplay: inline-block;||position: relative;\u00bb custom_css_after=\u00bbleft: 50% !important;||  transform: translateX(-50%) !important;\u00bb global_colors_info=\u00bb{}\u00bb][\/dsm_text_notation][\/et_pb_column][et_pb_column type=\u00bb1_3&#8243; _builder_version=\u00bb4.27.4&#8243; _module_preset=\u00bbdefault\u00bb global_colors_info=\u00bb{}\u00bb][et_pb_image src=\u00bbhttps:\/\/nuriatorrente.com\/wp-content\/uploads\/2023\/10\/Avinyonet-Arya-x400.jpg\u00bb title_text=\u00bbAvinyonet Arya x400&#8243; _builder_version=\u00bb4.27.4&#8243; _module_preset=\u00bbdefault\u00bb global_colors_info=\u00bb{}\u00bb][\/et_pb_image][dsm_text_notation notation_text=\u00bbArya\u00bb _builder_version=\u00bb4.27.4&#8243; _module_preset=\u00bbdefault\u00bb text_orientation=\u00bbcenter\u00bb custom_css_main_element=\u00bbdisplay: inline-block;||position: relative;\u00bb custom_css_after=\u00bbleft: 50% !important;||  transform: translateX(-50%) !important;\u00bb global_colors_info=\u00bb{}\u00bb][\/dsm_text_notation][\/et_pb_column][\/et_pb_row][\/et_pb_section][et_pb_section fb_built=\u00bb1&#8243; _builder_version=\u00bb4.27.4&#8243; _module_preset=\u00bbdefault\u00bb min_height=\u00bb320.7px\u00bb custom_padding=\u00bb8px|||||\u00bb global_colors_info=\u00bb{}\u00bb][et_pb_row column_structure=\u00bb1_2,1_2&#8243; _builder_version=\u00bb4.27.4&#8243; _module_preset=\u00bbdefault\u00bb global_colors_info=\u00bb{}\u00bb][et_pb_column type=\u00bb1_2&#8243; _builder_version=\u00bb4.27.4&#8243; _module_preset=\u00bbdefault\u00bb global_colors_info=\u00bb{}\u00bb][et_pb_image src=\u00bbhttps:\/\/nuriatorrente.com\/wp-content\/uploads\/2025\/07\/logo-may-the-glass.png\u00bb title_text=\u00bblogo may the glass\u00bb url=\u00bbhttps:\/\/www.maytheglassbewithyou.com\/\u00bb url_new_window=\u00bbon\u00bb align=\u00bbright\u00bb _builder_version=\u00bb4.27.4&#8243; _module_preset=\u00bbdefault\u00bb global_colors_info=\u00bb{}\u00bb][\/et_pb_image][\/et_pb_column][et_pb_column type=\u00bb1_2&#8243; _builder_version=\u00bb4.27.4&#8243; _module_preset=\u00bbdefault\u00bb global_colors_info=\u00bb{}\u00bb][et_pb_text _builder_version=\u00bb4.27.4&#8243; _module_preset=\u00bbdefault\u00bb global_colors_info=\u00bb{}\u00bb]<\/p>\n<p><span>MAY the GLASS BE with YOU nace con la voluntad de mostrar material audiovisual vinculado al mundo del vidrio, en sus facetas art\u00edsticas, artesanales y -\u00bfpor qu\u00e9 no?- funcionales. Un peque\u00f1o homenaje al material que tanto me ha regalado los \u00faltimos 30 a\u00f1os. Dando todo el protagonismo posible a los artistas del vidrio, las instituciones, las empresas, los museos, las productoras y los realizadores que han colaborado con este proyecto, aportando su material audiovisual.<\/span><\/p>\n<p>[\/et_pb_text][\/et_pb_column][\/et_pb_row][\/et_pb_section]<\/p>\n","protected":false},"excerpt":{"rendered":"<p><div class=\"et_pb_module dsm_text_notation dsm_text_notation_0  et_pb_text_align_center et_pb_bg_layout_light\">\n\t\t\t\t\n\t\t\t\t\n\t\t\t\t\n\t\t\t\t\n\t\t\t\t\n\t\t\t\t\n\t\t\t\t<div class=\"et_pb_module_inner\">\n\t\t\t\t\t<h1 class=\"dsm-text-notation-main et_pb_module_header\"><span data-notation=\"[{&quot;type&quot;:&quot;underline&quot;,&quot;color&quot;:&quot;#689d9e&quot;,&quot;stroke-width&quot;:&quot;1&quot;,&quot;iterations&quot;:&quot;2&quot;,&quot;brackets&quot;:&quot;left|right&quot;,&quot;viewport&quot;:&quot;80%&quot;,&quot;delay&quot;:&quot;0ms&quot;,&quot;divi-animate&quot;:&quot;none&quot;,&quot;divi-animate-duration&quot;:&quot;1000ms&quot;,&quot;divi-animate-delay&quot;:&quot;0ms&quot;}]\" class=\"dsm-text-notation-middle\">N\u00faria Torrente<\/span><\/h1>\n\t\t\t\t<\/div>\n\t\t\t<\/div>Barcelona, 1973. Licenciada en Historia del Arte por la Universidad de Barcelona (2000). Formada en la Fundaci\u00f3 Centre del Vidre de Barcelona en los cursos de Restauraci\u00f3n, Creaci\u00f3n de vidrieras y Dise\u00f1o para la Arquitectura (1998). Desde un principio centr\u00e9 mi atenci\u00f3n en la joyer\u00eda y en el peque\u00f1o formato. Siempre me ha gustado la idea de dotar a mi obra con un significado emocional. As\u00ed que si el vidrio ha sido siempre mi lenguaje, la joyer\u00eda es la voz perfecta para llevar conmigo esas peque\u00f1as joyas artesanales que contienen en su interior recuerdos o conceptos importantes para m\u00ed. A veces incluso de manera literal, ya que muchas de mis joyas de vidrio llevan arena, fotograf\u00edas, textos\u2026 Esa manera de entender mi obra me llev\u00f3 a especializarme en las joyas de vidrio personalizadas. Para m\u00ed es importante que quien adquiera mis piezas sienta esa conexi\u00f3n con el objeto, que desde un principio ya se concibe como una joya especial, que ser\u00e1 materializada siguiendo ese precepto de exclusividad, de una manera artesanal y \u00fanica.<div class=\"et_pb_module dsm_text_notation dsm_text_notation_1  et_pb_bg_layout_light\">\n\t\t\t\t\n\t\t\t\t\n\t\t\t\t\n\t\t\t\t\n\t\t\t\t\n\t\t\t\t\n\t\t\t\t<div class=\"et_pb_module_inner\">\n\t\t\t\t\t<h1 class=\"dsm-text-notation-main et_pb_module_header\"><span data-notation=\"[{&quot;type&quot;:&quot;underline&quot;,&quot;color&quot;:&quot;#689d9e&quot;,&quot;stroke-width&quot;:&quot;1&quot;,&quot;iterations&quot;:&quot;2&quot;,&quot;brackets&quot;:&quot;left|right&quot;,&quot;viewport&quot;:&quot;80%&quot;,&quot;delay&quot;:&quot;0ms&quot;,&quot;divi-animate&quot;:&quot;none&quot;,&quot;divi-animate-duration&quot;:&quot;1000ms&quot;,&quot;divi-animate-delay&quot;:&quot;0ms&quot;}]\" class=\"dsm-text-notation-middle\">David Hierro<\/span><\/h1>\n\t\t\t\t<\/div>\n\t\t\t<\/div>Barcelona, 1967. Me muevo profesionalmente dentro del mundo [&hellip;]<\/p>\n","protected":false},"author":1,"featured_media":0,"parent":0,"menu_order":0,"comment_status":"closed","ping_status":"closed","template":"","meta":{"_acf_changed":false,"_et_pb_use_builder":"on","_et_pb_old_content":"","_et_gb_content_width":"","footnotes":""},"class_list":["post-15800","page","type-page","status-publish","hentry"],"acf":[],"yoast_head":"<!-- This site is optimized with the Yoast SEO plugin v27.1.1 - https:\/\/yoast.com\/product\/yoast-seo-wordpress\/ -->\n<title>About | Nutopia by Nuria Torrente<\/title>\n<meta name=\"robots\" content=\"index, follow, max-snippet:-1, max-image-preview:large, max-video-preview:-1\" \/>\n<link rel=\"canonical\" href=\"https:\/\/nuriatorrente.com\/eng\/about\/\" \/>\n<meta property=\"og:locale\" content=\"en_GB\" \/>\n<meta property=\"og:type\" content=\"article\" \/>\n<meta property=\"og:title\" content=\"About | Nutopia by Nuria Torrente\" \/>\n<meta property=\"og:description\" content=\"Barcelona, 1973. Licenciada en Historia del Arte por la Universidad de Barcelona (2000). Formada en la Fundaci\u00f3 Centre del Vidre de Barcelona en los cursos de Restauraci\u00f3n, Creaci\u00f3n de vidrieras y Dise\u00f1o para la Arquitectura (1998). Desde un principio centr\u00e9 mi atenci\u00f3n en la joyer\u00eda y en el peque\u00f1o formato. Siempre me ha gustado la idea de dotar a mi obra con un significado emocional. As\u00ed que si el vidrio ha sido siempre mi lenguaje, la joyer\u00eda es la voz perfecta para llevar conmigo esas peque\u00f1as joyas artesanales que contienen en su interior recuerdos o conceptos importantes para m\u00ed. A veces incluso de manera literal, ya que muchas de mis joyas de vidrio llevan arena, fotograf\u00edas, textos\u2026 Esa manera de entender mi obra me llev\u00f3 a especializarme en las joyas de vidrio personalizadas. Para m\u00ed es importante que quien adquiera mis piezas sienta esa conexi\u00f3n con el objeto, que desde un principio ya se concibe como una joya especial, que ser\u00e1 materializada siguiendo ese precepto de exclusividad, de una manera artesanal y \u00fanica.Barcelona, 1967. Me muevo profesionalmente dentro del mundo [&hellip;]\" \/>\n<meta property=\"og:url\" content=\"https:\/\/nuriatorrente.com\/eng\/about\/\" \/>\n<meta property=\"og:site_name\" content=\"Nutopia by Nuria Torrente\" \/>\n<meta property=\"article:publisher\" content=\"https:\/\/www.facebook.com\/nutopiabynuriatorrente\/\" \/>\n<meta property=\"article:modified_time\" content=\"2026-01-26T12:46:34+00:00\" \/>\n<meta name=\"twitter:card\" content=\"summary_large_image\" \/>\n<script type=\"application\/ld+json\" class=\"yoast-schema-graph\">{\"@context\":\"https:\/\/schema.org\",\"@graph\":[{\"@type\":\"WebPage\",\"@id\":\"https:\/\/nuriatorrente.com\/about\/\",\"url\":\"https:\/\/nuriatorrente.com\/about\/\",\"name\":\"About | Nutopia by Nuria Torrente\",\"isPartOf\":{\"@id\":\"https:\/\/nuriatorrente.com\/#website\"},\"datePublished\":\"2025-07-29T10:23:52+00:00\",\"dateModified\":\"2026-01-26T12:46:34+00:00\",\"breadcrumb\":{\"@id\":\"https:\/\/nuriatorrente.com\/about\/#breadcrumb\"},\"inLanguage\":\"en-GB\",\"potentialAction\":[{\"@type\":\"ReadAction\",\"target\":[\"https:\/\/nuriatorrente.com\/about\/\"]}]},{\"@type\":\"BreadcrumbList\",\"@id\":\"https:\/\/nuriatorrente.com\/about\/#breadcrumb\",\"itemListElement\":[{\"@type\":\"ListItem\",\"position\":1,\"name\":\"Home\",\"item\":\"https:\/\/nuriatorrente.com\/\"},{\"@type\":\"ListItem\",\"position\":2,\"name\":\"About\"}]},{\"@type\":\"WebSite\",\"@id\":\"https:\/\/nuriatorrente.com\/#website\",\"url\":\"https:\/\/nuriatorrente.com\/\",\"name\":\"Nutopia by Nuria Torrente\",\"description\":\"Joyer\u00eda en vidrio\",\"alternateName\":\"Nuria Torrente\",\"potentialAction\":[{\"@type\":\"SearchAction\",\"target\":{\"@type\":\"EntryPoint\",\"urlTemplate\":\"https:\/\/nuriatorrente.com\/?s={search_term_string}\"},\"query-input\":{\"@type\":\"PropertyValueSpecification\",\"valueRequired\":true,\"valueName\":\"search_term_string\"}}],\"inLanguage\":\"en-GB\"}]}<\/script>\n<!-- \/ Yoast SEO plugin. -->","yoast_head_json":{"title":"About | Nutopia by Nuria Torrente","robots":{"index":"index","follow":"follow","max-snippet":"max-snippet:-1","max-image-preview":"max-image-preview:large","max-video-preview":"max-video-preview:-1"},"canonical":"https:\/\/nuriatorrente.com\/eng\/about\/","og_locale":"en_GB","og_type":"article","og_title":"About | Nutopia by Nuria Torrente","og_description":"Barcelona, 1973. Licenciada en Historia del Arte por la Universidad de Barcelona (2000). Formada en la Fundaci\u00f3 Centre del Vidre de Barcelona en los cursos de Restauraci\u00f3n, Creaci\u00f3n de vidrieras y Dise\u00f1o para la Arquitectura (1998). Desde un principio centr\u00e9 mi atenci\u00f3n en la joyer\u00eda y en el peque\u00f1o formato. Siempre me ha gustado la idea de dotar a mi obra con un significado emocional. As\u00ed que si el vidrio ha sido siempre mi lenguaje, la joyer\u00eda es la voz perfecta para llevar conmigo esas peque\u00f1as joyas artesanales que contienen en su interior recuerdos o conceptos importantes para m\u00ed. A veces incluso de manera literal, ya que muchas de mis joyas de vidrio llevan arena, fotograf\u00edas, textos\u2026 Esa manera de entender mi obra me llev\u00f3 a especializarme en las joyas de vidrio personalizadas. Para m\u00ed es importante que quien adquiera mis piezas sienta esa conexi\u00f3n con el objeto, que desde un principio ya se concibe como una joya especial, que ser\u00e1 materializada siguiendo ese precepto de exclusividad, de una manera artesanal y \u00fanica.Barcelona, 1967. Me muevo profesionalmente dentro del mundo [&hellip;]","og_url":"https:\/\/nuriatorrente.com\/eng\/about\/","og_site_name":"Nutopia by Nuria Torrente","article_publisher":"https:\/\/www.facebook.com\/nutopiabynuriatorrente\/","article_modified_time":"2026-01-26T12:46:34+00:00","twitter_card":"summary_large_image","schema":{"@context":"https:\/\/schema.org","@graph":[{"@type":"WebPage","@id":"https:\/\/nuriatorrente.com\/about\/","url":"https:\/\/nuriatorrente.com\/about\/","name":"About | Nutopia by Nuria Torrente","isPartOf":{"@id":"https:\/\/nuriatorrente.com\/#website"},"datePublished":"2025-07-29T10:23:52+00:00","dateModified":"2026-01-26T12:46:34+00:00","breadcrumb":{"@id":"https:\/\/nuriatorrente.com\/about\/#breadcrumb"},"inLanguage":"en-GB","potentialAction":[{"@type":"ReadAction","target":["https:\/\/nuriatorrente.com\/about\/"]}]},{"@type":"BreadcrumbList","@id":"https:\/\/nuriatorrente.com\/about\/#breadcrumb","itemListElement":[{"@type":"ListItem","position":1,"name":"Home","item":"https:\/\/nuriatorrente.com\/"},{"@type":"ListItem","position":2,"name":"About"}]},{"@type":"WebSite","@id":"https:\/\/nuriatorrente.com\/#website","url":"https:\/\/nuriatorrente.com\/","name":"Nutopia by Nuria Torrente","description":"Joyer\u00eda en vidrio","alternateName":"Nuria Torrente","potentialAction":[{"@type":"SearchAction","target":{"@type":"EntryPoint","urlTemplate":"https:\/\/nuriatorrente.com\/?s={search_term_string}"},"query-input":{"@type":"PropertyValueSpecification","valueRequired":true,"valueName":"search_term_string"}}],"inLanguage":"en-GB"}]}},"_links":{"self":[{"href":"https:\/\/nuriatorrente.com\/eng\/wp-json\/wp\/v2\/pages\/15800","targetHints":{"allow":["GET"]}}],"collection":[{"href":"https:\/\/nuriatorrente.com\/eng\/wp-json\/wp\/v2\/pages"}],"about":[{"href":"https:\/\/nuriatorrente.com\/eng\/wp-json\/wp\/v2\/types\/page"}],"author":[{"embeddable":true,"href":"https:\/\/nuriatorrente.com\/eng\/wp-json\/wp\/v2\/users\/1"}],"replies":[{"embeddable":true,"href":"https:\/\/nuriatorrente.com\/eng\/wp-json\/wp\/v2\/comments?post=15800"}],"version-history":[{"count":0,"href":"https:\/\/nuriatorrente.com\/eng\/wp-json\/wp\/v2\/pages\/15800\/revisions"}],"wp:attachment":[{"href":"https:\/\/nuriatorrente.com\/eng\/wp-json\/wp\/v2\/media?parent=15800"}],"curies":[{"name":"wp","href":"https:\/\/api.w.org\/{rel}","templated":true}]}}