{"id":13578,"date":"2020-05-21T11:36:44","date_gmt":"2020-05-21T09:36:44","guid":{"rendered":"https:\/\/nuriatorrente.com\/?post_type=product&#038;p=13578"},"modified":"2020-07-19T12:23:35","modified_gmt":"2020-07-19T10:23:35","slug":"amor-podenco-anillo","status":"publish","type":"product","link":"https:\/\/nuriatorrente.com\/eng\/shop\/amor-podenco-anillo\/","title":{"rendered":"Amor Podenco \/ Anillo"},"content":{"rendered":"<p>Anillo realizado en plata con la silueta de un podenco. Esta colecci\u00f3n est\u00e1 inspirada en Floki, nuestro maravilloso podenco, para colaborar con la protectora que le salv\u00f3 la vida, Los \u00c1ngeles de Lora-Casa de Postas.<\/p>\n<p>El 50% del importe ser\u00e1 entregado a la protectora para que pueda seguir llevando a cabo su maravillosa misi\u00f3n.<\/p>","protected":false},"excerpt":{"rendered":"<p>Esta colecci\u00f3n est\u00e1 inspirada en Floki, nuestro maravilloso podenco.<\/p>","protected":false},"featured_media":13579,"template":"","meta":{"_acf_changed":false,"_et_pb_use_builder":"","_et_pb_old_content":"","_et_gb_content_width":""},"product_brand":[],"product_cat":[180],"product_tag":[185],"class_list":{"0":"post-13578","1":"product","2":"type-product","3":"status-publish","4":"has-post-thumbnail","6":"product_cat-anillos","7":"product_tag-amor-podenco","9":"first","10":"instock","11":"taxable","12":"shipping-taxable","13":"purchasable","14":"product-type-simple"},"acf":[],"yoast_head":"<!-- This site is optimized with the Yoast SEO plugin v27.1.1 - https:\/\/yoast.com\/product\/yoast-seo-wordpress\/ -->\n<title>Amor Podenco \/ Anillo | Nutopia by Nuria Torrente<\/title>\n<meta name=\"description\" content=\"Esta colecci\u00f3n est\u00e1 inspirada en Floki, nuestro maravilloso podenco.\" \/>\n<meta name=\"robots\" content=\"index, follow, max-snippet:-1, max-image-preview:large, max-video-preview:-1\" \/>\n<link rel=\"canonical\" href=\"https:\/\/nuriatorrente.com\/eng\/shop\/amor-podenco-anillo\/\" \/>\n<meta property=\"og:locale\" content=\"en_GB\" \/>\n<meta property=\"og:type\" content=\"article\" \/>\n<meta property=\"og:title\" content=\"Amor Podenco \/ Anillo | Nutopia by Nuria Torrente\" \/>\n<meta property=\"og:description\" content=\"Esta colecci\u00f3n est\u00e1 inspirada en Floki, nuestro maravilloso podenco.\" \/>\n<meta property=\"og:url\" content=\"https:\/\/nuriatorrente.com\/eng\/shop\/amor-podenco-anillo\/\" \/>\n<meta property=\"og:site_name\" content=\"Nutopia by Nuria Torrente\" \/>\n<meta property=\"article:publisher\" content=\"https:\/\/www.facebook.com\/nutopiabynuriatorrente\/\" \/>\n<meta property=\"article:modified_time\" content=\"2020-07-19T10:23:35+00:00\" \/>\n<meta property=\"og:image\" content=\"https:\/\/nuriatorrente.com\/wp-content\/uploads\/2020\/05\/amor-podenco-by-nutopia-1x1-1.jpg\" \/>\n\t<meta property=\"og:image:width\" content=\"366\" \/>\n\t<meta property=\"og:image:height\" content=\"366\" \/>\n\t<meta property=\"og:image:type\" content=\"image\/jpeg\" \/>\n<meta name=\"twitter:card\" content=\"summary_large_image\" \/>\n<script type=\"application\/ld+json\" class=\"yoast-schema-graph\">{\"@context\":\"https:\/\/schema.org\",\"@graph\":[{\"@type\":\"WebPage\",\"@id\":\"https:\/\/nuriatorrente.com\/shop\/amor-podenco-anillo\/\",\"url\":\"https:\/\/nuriatorrente.com\/shop\/amor-podenco-anillo\/\",\"name\":\"Amor Podenco \/ Anillo | Nutopia by Nuria Torrente\",\"isPartOf\":{\"@id\":\"https:\/\/nuriatorrente.com\/#website\"},\"primaryImageOfPage\":{\"@id\":\"https:\/\/nuriatorrente.com\/shop\/amor-podenco-anillo\/#primaryimage\"},\"image\":{\"@id\":\"https:\/\/nuriatorrente.com\/shop\/amor-podenco-anillo\/#primaryimage\"},\"thumbnailUrl\":\"https:\/\/nuriatorrente.com\/wp-content\/uploads\/2020\/05\/amor-podenco-by-nutopia-1x1-1.jpg\",\"datePublished\":\"2020-05-21T09:36:44+00:00\",\"dateModified\":\"2020-07-19T10:23:35+00:00\",\"description\":\"Esta colecci\u00f3n est\u00e1 inspirada en Floki, nuestro maravilloso podenco.\",\"breadcrumb\":{\"@id\":\"https:\/\/nuriatorrente.com\/shop\/amor-podenco-anillo\/#breadcrumb\"},\"inLanguage\":\"en-GB\",\"potentialAction\":[{\"@type\":\"ReadAction\",\"target\":[\"https:\/\/nuriatorrente.com\/shop\/amor-podenco-anillo\/\"]}]},{\"@type\":\"ImageObject\",\"inLanguage\":\"en-GB\",\"@id\":\"https:\/\/nuriatorrente.com\/shop\/amor-podenco-anillo\/#primaryimage\",\"url\":\"https:\/\/nuriatorrente.com\/wp-content\/uploads\/2020\/05\/amor-podenco-by-nutopia-1x1-1.jpg\",\"contentUrl\":\"https:\/\/nuriatorrente.com\/wp-content\/uploads\/2020\/05\/amor-podenco-by-nutopia-1x1-1.jpg\",\"width\":366,\"height\":366},{\"@type\":\"BreadcrumbList\",\"@id\":\"https:\/\/nuriatorrente.com\/shop\/amor-podenco-anillo\/#breadcrumb\",\"itemListElement\":[{\"@type\":\"ListItem\",\"position\":1,\"name\":\"Home\",\"item\":\"https:\/\/nuriatorrente.com\/\"},{\"@type\":\"ListItem\",\"position\":2,\"name\":\"Shop\",\"item\":\"https:\/\/nuriatorrente.com\/shop\/\"},{\"@type\":\"ListItem\",\"position\":3,\"name\":\"Amor Podenco \/ Anillo\"}]},{\"@type\":\"WebSite\",\"@id\":\"https:\/\/nuriatorrente.com\/#website\",\"url\":\"https:\/\/nuriatorrente.com\/\",\"name\":\"Nutopia by Nuria Torrente\",\"description\":\"Joyer\u00eda en vidrio\",\"alternateName\":\"Nuria Torrente\",\"potentialAction\":[{\"@type\":\"SearchAction\",\"target\":{\"@type\":\"EntryPoint\",\"urlTemplate\":\"https:\/\/nuriatorrente.com\/?s={search_term_string}\"},\"query-input\":{\"@type\":\"PropertyValueSpecification\",\"valueRequired\":true,\"valueName\":\"search_term_string\"}}],\"inLanguage\":\"en-GB\"}]}<\/script>\n<!-- \/ Yoast SEO plugin. -->","yoast_head_json":{"title":"Amor Podenco \/ Anillo | Nutopia by Nuria Torrente","description":"Esta colecci\u00f3n est\u00e1 inspirada en Floki, nuestro maravilloso podenco.","robots":{"index":"index","follow":"follow","max-snippet":"max-snippet:-1","max-image-preview":"max-image-preview:large","max-video-preview":"max-video-preview:-1"},"canonical":"https:\/\/nuriatorrente.com\/eng\/shop\/amor-podenco-anillo\/","og_locale":"en_GB","og_type":"article","og_title":"Amor Podenco \/ Anillo | Nutopia by Nuria Torrente","og_description":"Esta colecci\u00f3n est\u00e1 inspirada en Floki, nuestro maravilloso podenco.","og_url":"https:\/\/nuriatorrente.com\/eng\/shop\/amor-podenco-anillo\/","og_site_name":"Nutopia by Nuria Torrente","article_publisher":"https:\/\/www.facebook.com\/nutopiabynuriatorrente\/","article_modified_time":"2020-07-19T10:23:35+00:00","og_image":[{"width":366,"height":366,"url":"https:\/\/nuriatorrente.com\/wp-content\/uploads\/2020\/05\/amor-podenco-by-nutopia-1x1-1.jpg","type":"image\/jpeg"}],"twitter_card":"summary_large_image","schema":{"@context":"https:\/\/schema.org","@graph":[{"@type":"WebPage","@id":"https:\/\/nuriatorrente.com\/shop\/amor-podenco-anillo\/","url":"https:\/\/nuriatorrente.com\/shop\/amor-podenco-anillo\/","name":"Amor Podenco \/ Anillo | Nutopia by Nuria Torrente","isPartOf":{"@id":"https:\/\/nuriatorrente.com\/#website"},"primaryImageOfPage":{"@id":"https:\/\/nuriatorrente.com\/shop\/amor-podenco-anillo\/#primaryimage"},"image":{"@id":"https:\/\/nuriatorrente.com\/shop\/amor-podenco-anillo\/#primaryimage"},"thumbnailUrl":"https:\/\/nuriatorrente.com\/wp-content\/uploads\/2020\/05\/amor-podenco-by-nutopia-1x1-1.jpg","datePublished":"2020-05-21T09:36:44+00:00","dateModified":"2020-07-19T10:23:35+00:00","description":"Esta colecci\u00f3n est\u00e1 inspirada en Floki, nuestro maravilloso podenco.","breadcrumb":{"@id":"https:\/\/nuriatorrente.com\/shop\/amor-podenco-anillo\/#breadcrumb"},"inLanguage":"en-GB","potentialAction":[{"@type":"ReadAction","target":["https:\/\/nuriatorrente.com\/shop\/amor-podenco-anillo\/"]}]},{"@type":"ImageObject","inLanguage":"en-GB","@id":"https:\/\/nuriatorrente.com\/shop\/amor-podenco-anillo\/#primaryimage","url":"https:\/\/nuriatorrente.com\/wp-content\/uploads\/2020\/05\/amor-podenco-by-nutopia-1x1-1.jpg","contentUrl":"https:\/\/nuriatorrente.com\/wp-content\/uploads\/2020\/05\/amor-podenco-by-nutopia-1x1-1.jpg","width":366,"height":366},{"@type":"BreadcrumbList","@id":"https:\/\/nuriatorrente.com\/shop\/amor-podenco-anillo\/#breadcrumb","itemListElement":[{"@type":"ListItem","position":1,"name":"Home","item":"https:\/\/nuriatorrente.com\/"},{"@type":"ListItem","position":2,"name":"Shop","item":"https:\/\/nuriatorrente.com\/shop\/"},{"@type":"ListItem","position":3,"name":"Amor Podenco \/ Anillo"}]},{"@type":"WebSite","@id":"https:\/\/nuriatorrente.com\/#website","url":"https:\/\/nuriatorrente.com\/","name":"Nutopia by Nuria Torrente","description":"Joyer\u00eda en vidrio","alternateName":"Nuria Torrente","potentialAction":[{"@type":"SearchAction","target":{"@type":"EntryPoint","urlTemplate":"https:\/\/nuriatorrente.com\/?s={search_term_string}"},"query-input":{"@type":"PropertyValueSpecification","valueRequired":true,"valueName":"search_term_string"}}],"inLanguage":"en-GB"}]}},"_links":{"self":[{"href":"https:\/\/nuriatorrente.com\/eng\/wp-json\/wp\/v2\/product\/13578","targetHints":{"allow":["GET"]}}],"collection":[{"href":"https:\/\/nuriatorrente.com\/eng\/wp-json\/wp\/v2\/product"}],"about":[{"href":"https:\/\/nuriatorrente.com\/eng\/wp-json\/wp\/v2\/types\/product"}],"wp:featuredmedia":[{"embeddable":true,"href":"https:\/\/nuriatorrente.com\/eng\/wp-json\/wp\/v2\/media\/13579"}],"wp:attachment":[{"href":"https:\/\/nuriatorrente.com\/eng\/wp-json\/wp\/v2\/media?parent=13578"}],"wp:term":[{"taxonomy":"product_brand","embeddable":true,"href":"https:\/\/nuriatorrente.com\/eng\/wp-json\/wp\/v2\/product_brand?post=13578"},{"taxonomy":"product_cat","embeddable":true,"href":"https:\/\/nuriatorrente.com\/eng\/wp-json\/wp\/v2\/product_cat?post=13578"},{"taxonomy":"product_tag","embeddable":true,"href":"https:\/\/nuriatorrente.com\/eng\/wp-json\/wp\/v2\/product_tag?post=13578"}],"curies":[{"name":"wp","href":"https:\/\/api.w.org\/{rel}","templated":true}]}}