{"id":13584,"date":"2020-05-22T18:17:44","date_gmt":"2020-05-22T16:17:44","guid":{"rendered":"https:\/\/nuriatorrente.com\/?post_type=product&#038;p=13584"},"modified":"2020-05-22T18:17:44","modified_gmt":"2020-05-22T16:17:44","slug":"estela-anillo","status":"publish","type":"product","link":"https:\/\/nuriatorrente.com\/eng\/shop\/estela-anillo\/","title":{"rendered":"Estela \/ Anillo"},"content":{"rendered":"<p><em>\u201cCautivada por las gotas de roc\u00edo, por su transl\u00facida perfecci\u00f3n, por su esp\u00edritu ef\u00edmero pero eterno, omnipresente, et\u00e9reo. Cautivada por la luz que en ellas se recrea, baila, vibra, fluye. Estela nace de ello y de ese sue\u00f1o inalcanzable de llenarme las manos de esas peque\u00f1as gotas, reutilizando y fundiendo vidrio de botellas que han cumplido su ciclo, sin saber que alg\u00fan d\u00eda jugar\u00edan a ser roc\u00edo dentro de una joya.\u201d<\/em><\/p>","protected":false},"excerpt":{"rendered":"<p>Anillo realizado con bolitas de vidrio, con base ajustable de acero quir\u00fargico. Esta colecci\u00f3n est\u00e1 inspirada en las gotas de roc\u00edo.<\/p>","protected":false},"featured_media":13585,"template":"","meta":{"_acf_changed":false,"_et_pb_use_builder":"","_et_pb_old_content":"","_et_gb_content_width":""},"product_brand":[],"product_cat":[180],"product_tag":[187],"class_list":{"0":"post-13584","1":"product","2":"type-product","3":"status-publish","4":"has-post-thumbnail","6":"product_cat-anillos","7":"product_tag-estela","9":"first","10":"instock","11":"taxable","12":"shipping-taxable","13":"purchasable","14":"product-type-simple"},"acf":[],"yoast_head":"<!-- This site is optimized with the Yoast SEO plugin v27.1.1 - https:\/\/yoast.com\/product\/yoast-seo-wordpress\/ -->\n<title>Estela \/ Anillo | Nutopia by Nuria Torrente<\/title>\n<meta name=\"description\" content=\"Anillo realizado con bolitas de vidrio, con base ajustable de acero quir\u00fargico. Esta colecci\u00f3n est\u00e1 inspirada en las gotas de roc\u00edo.\" \/>\n<meta name=\"robots\" content=\"index, follow, max-snippet:-1, max-image-preview:large, max-video-preview:-1\" \/>\n<link rel=\"canonical\" href=\"https:\/\/nuriatorrente.com\/eng\/shop\/estela-anillo\/\" \/>\n<meta property=\"og:locale\" content=\"en_GB\" \/>\n<meta property=\"og:type\" content=\"article\" \/>\n<meta property=\"og:title\" content=\"Estela \/ Anillo | Nutopia by Nuria Torrente\" \/>\n<meta property=\"og:description\" content=\"Anillo realizado con bolitas de vidrio, con base ajustable de acero quir\u00fargico. Esta colecci\u00f3n est\u00e1 inspirada en las gotas de roc\u00edo.\" \/>\n<meta property=\"og:url\" content=\"https:\/\/nuriatorrente.com\/eng\/shop\/estela-anillo\/\" \/>\n<meta property=\"og:site_name\" content=\"Nutopia by Nuria Torrente\" \/>\n<meta property=\"article:publisher\" content=\"https:\/\/www.facebook.com\/nutopiabynuriatorrente\/\" \/>\n<meta property=\"og:image\" content=\"https:\/\/nuriatorrente.com\/wp-content\/uploads\/2020\/05\/anell-estela-1x1-1.jpg\" \/>\n\t<meta property=\"og:image:width\" content=\"523\" \/>\n\t<meta property=\"og:image:height\" content=\"523\" \/>\n\t<meta property=\"og:image:type\" content=\"image\/jpeg\" \/>\n<meta name=\"twitter:card\" content=\"summary_large_image\" \/>\n<script type=\"application\/ld+json\" class=\"yoast-schema-graph\">{\"@context\":\"https:\/\/schema.org\",\"@graph\":[{\"@type\":\"WebPage\",\"@id\":\"https:\/\/nuriatorrente.com\/shop\/estela-anillo\/\",\"url\":\"https:\/\/nuriatorrente.com\/shop\/estela-anillo\/\",\"name\":\"Estela \/ Anillo | Nutopia by Nuria Torrente\",\"isPartOf\":{\"@id\":\"https:\/\/nuriatorrente.com\/#website\"},\"primaryImageOfPage\":{\"@id\":\"https:\/\/nuriatorrente.com\/shop\/estela-anillo\/#primaryimage\"},\"image\":{\"@id\":\"https:\/\/nuriatorrente.com\/shop\/estela-anillo\/#primaryimage\"},\"thumbnailUrl\":\"https:\/\/nuriatorrente.com\/wp-content\/uploads\/2020\/05\/anell-estela-1x1-1.jpg\",\"datePublished\":\"2020-05-22T16:17:44+00:00\",\"description\":\"Anillo realizado con bolitas de vidrio, con base ajustable de acero quir\u00fargico. Esta colecci\u00f3n est\u00e1 inspirada en las gotas de roc\u00edo.\",\"breadcrumb\":{\"@id\":\"https:\/\/nuriatorrente.com\/shop\/estela-anillo\/#breadcrumb\"},\"inLanguage\":\"en-GB\",\"potentialAction\":[{\"@type\":\"ReadAction\",\"target\":[\"https:\/\/nuriatorrente.com\/shop\/estela-anillo\/\"]}]},{\"@type\":\"ImageObject\",\"inLanguage\":\"en-GB\",\"@id\":\"https:\/\/nuriatorrente.com\/shop\/estela-anillo\/#primaryimage\",\"url\":\"https:\/\/nuriatorrente.com\/wp-content\/uploads\/2020\/05\/anell-estela-1x1-1.jpg\",\"contentUrl\":\"https:\/\/nuriatorrente.com\/wp-content\/uploads\/2020\/05\/anell-estela-1x1-1.jpg\",\"width\":523,\"height\":523},{\"@type\":\"BreadcrumbList\",\"@id\":\"https:\/\/nuriatorrente.com\/shop\/estela-anillo\/#breadcrumb\",\"itemListElement\":[{\"@type\":\"ListItem\",\"position\":1,\"name\":\"Home\",\"item\":\"https:\/\/nuriatorrente.com\/\"},{\"@type\":\"ListItem\",\"position\":2,\"name\":\"Shop\",\"item\":\"https:\/\/nuriatorrente.com\/shop\/\"},{\"@type\":\"ListItem\",\"position\":3,\"name\":\"Estela \/ Anillo\"}]},{\"@type\":\"WebSite\",\"@id\":\"https:\/\/nuriatorrente.com\/#website\",\"url\":\"https:\/\/nuriatorrente.com\/\",\"name\":\"Nutopia by Nuria Torrente\",\"description\":\"Joyer\u00eda en vidrio\",\"alternateName\":\"Nuria Torrente\",\"potentialAction\":[{\"@type\":\"SearchAction\",\"target\":{\"@type\":\"EntryPoint\",\"urlTemplate\":\"https:\/\/nuriatorrente.com\/?s={search_term_string}\"},\"query-input\":{\"@type\":\"PropertyValueSpecification\",\"valueRequired\":true,\"valueName\":\"search_term_string\"}}],\"inLanguage\":\"en-GB\"}]}<\/script>\n<!-- \/ Yoast SEO plugin. -->","yoast_head_json":{"title":"Estela \/ Anillo | Nutopia by Nuria Torrente","description":"Anillo realizado con bolitas de vidrio, con base ajustable de acero quir\u00fargico. Esta colecci\u00f3n est\u00e1 inspirada en las gotas de roc\u00edo.","robots":{"index":"index","follow":"follow","max-snippet":"max-snippet:-1","max-image-preview":"max-image-preview:large","max-video-preview":"max-video-preview:-1"},"canonical":"https:\/\/nuriatorrente.com\/eng\/shop\/estela-anillo\/","og_locale":"en_GB","og_type":"article","og_title":"Estela \/ Anillo | Nutopia by Nuria Torrente","og_description":"Anillo realizado con bolitas de vidrio, con base ajustable de acero quir\u00fargico. Esta colecci\u00f3n est\u00e1 inspirada en las gotas de roc\u00edo.","og_url":"https:\/\/nuriatorrente.com\/eng\/shop\/estela-anillo\/","og_site_name":"Nutopia by Nuria Torrente","article_publisher":"https:\/\/www.facebook.com\/nutopiabynuriatorrente\/","og_image":[{"width":523,"height":523,"url":"https:\/\/nuriatorrente.com\/wp-content\/uploads\/2020\/05\/anell-estela-1x1-1.jpg","type":"image\/jpeg"}],"twitter_card":"summary_large_image","schema":{"@context":"https:\/\/schema.org","@graph":[{"@type":"WebPage","@id":"https:\/\/nuriatorrente.com\/shop\/estela-anillo\/","url":"https:\/\/nuriatorrente.com\/shop\/estela-anillo\/","name":"Estela \/ Anillo | Nutopia by Nuria Torrente","isPartOf":{"@id":"https:\/\/nuriatorrente.com\/#website"},"primaryImageOfPage":{"@id":"https:\/\/nuriatorrente.com\/shop\/estela-anillo\/#primaryimage"},"image":{"@id":"https:\/\/nuriatorrente.com\/shop\/estela-anillo\/#primaryimage"},"thumbnailUrl":"https:\/\/nuriatorrente.com\/wp-content\/uploads\/2020\/05\/anell-estela-1x1-1.jpg","datePublished":"2020-05-22T16:17:44+00:00","description":"Anillo realizado con bolitas de vidrio, con base ajustable de acero quir\u00fargico. Esta colecci\u00f3n est\u00e1 inspirada en las gotas de roc\u00edo.","breadcrumb":{"@id":"https:\/\/nuriatorrente.com\/shop\/estela-anillo\/#breadcrumb"},"inLanguage":"en-GB","potentialAction":[{"@type":"ReadAction","target":["https:\/\/nuriatorrente.com\/shop\/estela-anillo\/"]}]},{"@type":"ImageObject","inLanguage":"en-GB","@id":"https:\/\/nuriatorrente.com\/shop\/estela-anillo\/#primaryimage","url":"https:\/\/nuriatorrente.com\/wp-content\/uploads\/2020\/05\/anell-estela-1x1-1.jpg","contentUrl":"https:\/\/nuriatorrente.com\/wp-content\/uploads\/2020\/05\/anell-estela-1x1-1.jpg","width":523,"height":523},{"@type":"BreadcrumbList","@id":"https:\/\/nuriatorrente.com\/shop\/estela-anillo\/#breadcrumb","itemListElement":[{"@type":"ListItem","position":1,"name":"Home","item":"https:\/\/nuriatorrente.com\/"},{"@type":"ListItem","position":2,"name":"Shop","item":"https:\/\/nuriatorrente.com\/shop\/"},{"@type":"ListItem","position":3,"name":"Estela \/ Anillo"}]},{"@type":"WebSite","@id":"https:\/\/nuriatorrente.com\/#website","url":"https:\/\/nuriatorrente.com\/","name":"Nutopia by Nuria Torrente","description":"Joyer\u00eda en vidrio","alternateName":"Nuria Torrente","potentialAction":[{"@type":"SearchAction","target":{"@type":"EntryPoint","urlTemplate":"https:\/\/nuriatorrente.com\/?s={search_term_string}"},"query-input":{"@type":"PropertyValueSpecification","valueRequired":true,"valueName":"search_term_string"}}],"inLanguage":"en-GB"}]}},"_links":{"self":[{"href":"https:\/\/nuriatorrente.com\/eng\/wp-json\/wp\/v2\/product\/13584","targetHints":{"allow":["GET"]}}],"collection":[{"href":"https:\/\/nuriatorrente.com\/eng\/wp-json\/wp\/v2\/product"}],"about":[{"href":"https:\/\/nuriatorrente.com\/eng\/wp-json\/wp\/v2\/types\/product"}],"wp:featuredmedia":[{"embeddable":true,"href":"https:\/\/nuriatorrente.com\/eng\/wp-json\/wp\/v2\/media\/13585"}],"wp:attachment":[{"href":"https:\/\/nuriatorrente.com\/eng\/wp-json\/wp\/v2\/media?parent=13584"}],"wp:term":[{"taxonomy":"product_brand","embeddable":true,"href":"https:\/\/nuriatorrente.com\/eng\/wp-json\/wp\/v2\/product_brand?post=13584"},{"taxonomy":"product_cat","embeddable":true,"href":"https:\/\/nuriatorrente.com\/eng\/wp-json\/wp\/v2\/product_cat?post=13584"},{"taxonomy":"product_tag","embeddable":true,"href":"https:\/\/nuriatorrente.com\/eng\/wp-json\/wp\/v2\/product_tag?post=13584"}],"curies":[{"name":"wp","href":"https:\/\/api.w.org\/{rel}","templated":true}]}}